{"id":387,"date":"2019-12-03T14:31:31","date_gmt":"2019-12-03T12:31:31","guid":{"rendered":"https:\/\/diodea.eu\/unternehmensgruppe\/"},"modified":"2025-04-22T16:45:05","modified_gmt":"2025-04-22T13:45:05","slug":"unternehmensgruppe","status":"publish","type":"page","link":"https:\/\/diodea.eu\/de\/ueber-uns\/unternehmensgruppe\/","title":{"rendered":"Unternehmensgruppe"},"content":{"rendered":"<div class=\"wpb-content-wrapper\"><p>[vc_row css_animation=&#8220;&#8220; row_type=&#8220;row&#8220; use_row_as_full_screen_section=&#8220;no&#8220; type=&#8220;full_width&#8220; angled_section=&#8220;no&#8220; text_align=&#8220;left&#8220; background_image_as_pattern=&#8220;without_pattern&#8220;][vc_column]\n\t\t\t<!-- START business group REVOLUTION SLIDER 6.7.29 --><p class=\"rs-p-wp-fix\"><\/p>\n\t\t\t<rs-module-wrap id=\"rev_slider_9_1_wrapper\" data-source=\"gallery\" style=\"visibility:hidden;background:transparent;padding:0;margin:0px auto;margin-top:0;margin-bottom:0;\">\n\t\t\t\t<rs-module id=\"rev_slider_9_1\" style=\"\" data-version=\"6.7.29\">\n\t\t\t\t\t<rs-slides style=\"overflow: hidden; position: absolute;\">\n\t\t\t\t\t\t<rs-slide style=\"position: absolute;\" data-key=\"rs-14\" data-title=\"Slide\" data-anim=\"ms:1000;r:0;\" data-in=\"o:0;\" data-out=\"a:false;\">\n\t\t\t\t\t\t\t<img decoding=\"async\" src=\"\/\/diodea.eu\/wp-content\/plugins\/revslider\/sr6\/assets\/assets\/dummy.png\" alt=\"\" width=\"1240\" height=\"620\" class=\"rev-slidebg tp-rs-img rs-lazyload\" data-lazyload=\"\/\/diodea.eu\/wp-content\/uploads\/2019\/12\/business-group-1.jpg\" data-no-retina>\n<!---->\t\t\t\t\t<\/rs-slide>\n\t\t\t\t\t<\/rs-slides>\n\t\t\t\t<\/rs-module>\n\t\t\t\t<script>\n\t\t\t\t\tsetREVStartSize({c: 'rev_slider_9_1',rl:[1240,1024,778,480],el:[620],gw:[1240],gh:[620],type:'standard',justify:'',layout:'fullwidth',mh:\"0\"});if (window.RS_MODULES!==undefined && window.RS_MODULES.modules!==undefined && window.RS_MODULES.modules[\"revslider91\"]!==undefined) {window.RS_MODULES.modules[\"revslider91\"].once = false;window.revapi9 = undefined;if (window.RS_MODULES.checkMinimal!==undefined) window.RS_MODULES.checkMinimal()}\n\t\t\t\t<\/script>\n\t\t\t<\/rs-module-wrap>\n\t\t\t<!-- END REVOLUTION SLIDER -->\n[vc_empty_space][\/vc_column][\/vc_row][vc_row css_animation=&#8220;&#8220; row_type=&#8220;row&#8220; use_row_as_full_screen_section=&#8220;no&#8220; type=&#8220;full_width&#8220; angled_section=&#8220;no&#8220; text_align=&#8220;left&#8220; background_image_as_pattern=&#8220;without_pattern&#8220;][vc_column][vc_column_text]<\/p>\n<h3>Unternehmensgruppe<\/h3>\n<p>[\/vc_column_text][vc_empty_space][vc_column_text css=&#8220;&#8220;]DioDea ist Teil der <strong>Commercial League Gesundheits-, Verischerungs- und Rentenversicherungsgruppe &#8211;<\/strong> eine der gr\u00f6\u00dften und am schnellsten wachsenden Strukturen im Gesundheits- und Versicherungssektor in Bulgarien und Osteuropa. Kein anderes Unternehmen kann sich mit der Gr\u00f6\u00dfe, der Integrit\u00e4t, der Entwicklungsgeschwindigkeit oder der fachlichen Komplexit\u00e4t messen, die Commercial League durch seine einzigartige Kombination aus Dienstleistungen, Vertrieb, Kommunikation im Gesundheitswesen und globalem Vertrieb, Versicherungsl\u00f6sungen und Produkten erreicht hat.[\/vc_column_text][vc_empty_space][\/vc_column][\/vc_row][vc_row css_animation=&#8220;&#8220; row_type=&#8220;row&#8220; use_row_as_full_screen_section=&#8220;no&#8220; type=&#8220;full_width&#8220; angled_section=&#8220;no&#8220; text_align=&#8220;left&#8220; background_image_as_pattern=&#8220;without_pattern&#8220;][vc_column][vc_column_text]<\/p>\n<h3>Die anderen Unternehmen der Gruppe<\/h3>\n<p>[\/vc_column_text][vc_empty_space][vc_column_text css=&#8220;&#8220;]Die anderen Unternehmen der Gruppe sind f\u00fchrend in der hochtechnologischen medizinischen Versorgung <a href=\"https:\/\/cardiacinstitute.bg\/en\/\" target=\"_blank\" rel=\"noopener\">(www.cardiacinstitute.bg)<\/a>, der Herstellung von Generika und Einlizenzierungen\u00a0 <a href=\"http:\/\/tchaikapharma.com\/\" target=\"_blank\" rel=\"noopener\">(www.tchaikapharma.com)<\/a>, im Versicherungsbereich (<a href=\"https:\/\/dallbogg.com\/en\/\">www.dallbogg.com<\/a>)<span style=\"color: black;\">, sowie in der Architektur (<a href=\"https:\/\/ab-helvetia.com\/\">www.ab-helvetia.com<\/a>)<\/span>[\/vc_column_text][vc_empty_space][\/vc_column][\/vc_row][vc_row css_animation=&#8220;&#8220; row_type=&#8220;row&#8220; use_row_as_full_screen_section=&#8220;no&#8220; type=&#8220;full_width&#8220; angled_section=&#8220;no&#8220; text_align=&#8220;left&#8220; background_image_as_pattern=&#8220;without_pattern&#8220;][vc_column width=&#8220;1\/3&#8243;][vc_single_image image=&#8220;60&#8243; img_size=&#8220;200&#215;200&#8243; onclick=&#8220;custom_link&#8220; img_link_target=&#8220;_blank&#8220; qode_css_animation=&#8220;&#8220; link=&#8220;https:\/\/cardiacinstitute.bg\/en\/&#8220;][\/vc_column][vc_column width=&#8220;1\/3&#8243;][vc_single_image image=&#8220;61&#8243; img_size=&#8220;200&#215;200&#8243; alignment=&#8220;center&#8220; onclick=&#8220;custom_link&#8220; img_link_target=&#8220;_blank&#8220; qode_css_animation=&#8220;&#8220; link=&#8220;http:\/\/tchaikapharma.com\/&#8220;][\/vc_column][vc_column width=&#8220;1\/3&#8243;][vc_single_image image=&#8220;199&#8243; img_size=&#8220;200&#215;200&#8243; alignment=&#8220;right&#8220; onclick=&#8220;custom_link&#8220; qode_css_animation=&#8220;&#8220; link=&#8220;https:\/\/dallbogg.com\/en\/&#8220;][\/vc_column][\/vc_row][vc_row css_animation=&#8220;&#8220; row_type=&#8220;row&#8220; use_row_as_full_screen_section=&#8220;no&#8220; type=&#8220;full_width&#8220; angled_section=&#8220;no&#8220; text_align=&#8220;left&#8220; background_image_as_pattern=&#8220;without_pattern&#8220;][vc_column][vc_empty_space][\/vc_column][\/vc_row]<\/p>\n<\/div>","protected":false},"excerpt":{"rendered":"<p>[vc_row css_animation=&#8220;&#8220; row_type=&#8220;row&#8220; use_row_as_full_screen_section=&#8220;no&#8220; type=&#8220;full_width&#8220; angled_section=&#8220;no&#8220; text_align=&#8220;left&#8220; background_image_as_pattern=&#8220;without_pattern&#8220;][vc_column][vc_empty_space][\/vc_column][\/vc_row][vc_row css_animation=&#8220;&#8220; row_type=&#8220;row&#8220; use_row_as_full_screen_section=&#8220;no&#8220; type=&#8220;full_width&#8220; angled_section=&#8220;no&#8220; text_align=&#8220;left&#8220; background_image_as_pattern=&#8220;without_pattern&#8220;][vc_column][vc_column_text] Unternehmensgruppe [\/vc_column_text][vc_empty_space][vc_column_text css=&#8220;&#8220;]DioDea ist Teil der Commercial League Gesundheits-, Verischerungs- und Rentenversicherungsgruppe &#8211; eine der gr\u00f6\u00dften und am schnellsten wachsenden Strukturen im Gesundheits- und Versicherungssektor in Bulgarien und Osteuropa. Kein&#8230;<\/p>\n","protected":false},"author":1,"featured_media":0,"parent":390,"menu_order":0,"comment_status":"closed","ping_status":"closed","template":"","meta":{"footnotes":""},"class_list":["post-387","page","type-page","status-publish","hentry"],"_links":{"self":[{"href":"https:\/\/diodea.eu\/de\/wp-json\/wp\/v2\/pages\/387","targetHints":{"allow":["GET"]}}],"collection":[{"href":"https:\/\/diodea.eu\/de\/wp-json\/wp\/v2\/pages"}],"about":[{"href":"https:\/\/diodea.eu\/de\/wp-json\/wp\/v2\/types\/page"}],"author":[{"embeddable":true,"href":"https:\/\/diodea.eu\/de\/wp-json\/wp\/v2\/users\/1"}],"replies":[{"embeddable":true,"href":"https:\/\/diodea.eu\/de\/wp-json\/wp\/v2\/comments?post=387"}],"version-history":[{"count":4,"href":"https:\/\/diodea.eu\/de\/wp-json\/wp\/v2\/pages\/387\/revisions"}],"predecessor-version":[{"id":634,"href":"https:\/\/diodea.eu\/de\/wp-json\/wp\/v2\/pages\/387\/revisions\/634"}],"up":[{"embeddable":true,"href":"https:\/\/diodea.eu\/de\/wp-json\/wp\/v2\/pages\/390"}],"wp:attachment":[{"href":"https:\/\/diodea.eu\/de\/wp-json\/wp\/v2\/media?parent=387"}],"curies":[{"name":"wp","href":"https:\/\/api.w.org\/{rel}","templated":true}]}}