{"id":390,"date":"2019-12-03T14:23:42","date_gmt":"2019-12-03T12:23:42","guid":{"rendered":"https:\/\/diodea.eu\/ueber-uns\/"},"modified":"2025-04-22T16:39:15","modified_gmt":"2025-04-22T13:39:15","slug":"ueber-uns","status":"publish","type":"page","link":"https:\/\/diodea.eu\/de\/","title":{"rendered":"\u00dcber uns"},"content":{"rendered":"<div class=\"wpb-content-wrapper\"><p>[vc_row css_animation=&#8220;&#8220; row_type=&#8220;row&#8220; use_row_as_full_screen_section=&#8220;no&#8220; type=&#8220;grid&#8220; angled_section=&#8220;no&#8220; text_align=&#8220;left&#8220; background_image_as_pattern=&#8220;without_pattern&#8220; z_index=&#8220;&#8220;][vc_column]\n\t\t\t<!-- START about us REVOLUTION SLIDER 6.7.29 --><p class=\"rs-p-wp-fix\"><\/p>\n\t\t\t<rs-module-wrap id=\"rev_slider_7_1_wrapper\" data-source=\"gallery\" style=\"visibility:hidden;background:transparent;padding:0;margin:0px auto;margin-top:0;margin-bottom:0;\">\n\t\t\t\t<rs-module id=\"rev_slider_7_1\" style=\"\" data-version=\"6.7.29\">\n\t\t\t\t\t<rs-slides style=\"overflow: hidden; position: absolute;\">\n\t\t\t\t\t\t<rs-slide style=\"position: absolute;\" data-key=\"rs-11\" data-title=\"Slide\" data-anim=\"ms:1000;r:0;\" data-in=\"o:0;\" data-out=\"a:false;\">\n\t\t\t\t\t\t\t<img decoding=\"async\" src=\"\/\/diodea.eu\/wp-content\/plugins\/revslider\/sr6\/assets\/assets\/dummy.png\" alt=\"\" width=\"1240\" height=\"620\" class=\"rev-slidebg tp-rs-img rs-lazyload\" data-lazyload=\"\/\/diodea.eu\/wp-content\/uploads\/2019\/12\/about-us-1.jpg\" data-no-retina>\n<!---->\t\t\t\t\t<\/rs-slide>\n\t\t\t\t\t<\/rs-slides>\n\t\t\t\t<\/rs-module>\n\t\t\t\t<script>\n\t\t\t\t\tsetREVStartSize({c: 'rev_slider_7_1',rl:[1240,1024,778,480],el:[620],gw:[1240],gh:[620],type:'standard',justify:'',layout:'fullwidth',mh:\"0\"});if (window.RS_MODULES!==undefined && window.RS_MODULES.modules!==undefined && window.RS_MODULES.modules[\"revslider71\"]!==undefined) {window.RS_MODULES.modules[\"revslider71\"].once = false;window.revapi7 = undefined;if (window.RS_MODULES.checkMinimal!==undefined) window.RS_MODULES.checkMinimal()}\n\t\t\t\t<\/script>\n\t\t\t<\/rs-module-wrap>\n\t\t\t<!-- END REVOLUTION SLIDER -->\n[vc_empty_space][\/vc_column][\/vc_row][vc_row css_animation=&#8220;&#8220; row_type=&#8220;row&#8220; use_row_as_full_screen_section=&#8220;no&#8220; type=&#8220;full_width&#8220; angled_section=&#8220;no&#8220; text_align=&#8220;left&#8220; background_image_as_pattern=&#8220;without_pattern&#8220;][vc_column][vc_column_text]<\/p>\n<h3>\u00dcber uns<\/h3>\n<p>[\/vc_column_text][vc_empty_space][vc_column_text css=&#8220;&#8220;]<strong>DioDea<\/strong> ist eine Unternehmensgruppe, die in 6 EU-Mitgliedstaaten \u2013 Deutschland, Italien, Griechenland, Polen, Rum\u00e4nien und Bulgarien \u2013 t\u00e4tig sind. Das Unternehmen ist als Schadensregulierungsbeauftragten (Korrespondenzpartner) <span data-v-3cc54901=\"\">im System Gr\u00fcne Karte<\/span> bei den rum\u00e4nischen, italienischen und griechischen Kfz-B\u00fcros zugelassen. <strong>DioDea<\/strong> bestrebt sich, die Leistung unserer Kunden zu steigern, indem wir die Schadenkosten senken, die Kundenerfahrung verbessern und die Einhaltung von Vorschriften und die Kontrolle unterst\u00fctzen. Unsere Kunden profitieren t\u00e4glich von unseren ma\u00dfgeschneiderten L\u00f6sungen f\u00fcr das Schadenmanagement, die technisch und logistisch von unserem internationalen Partnernetzwerk unterst\u00fctzt werden.[\/vc_column_text][vc_empty_space height=&#8220;50px&#8220;][\/vc_column][\/vc_row]<\/p>\n<\/div>","protected":false},"excerpt":{"rendered":"<p>[vc_row css_animation=&#8220;&#8220; row_type=&#8220;row&#8220; use_row_as_full_screen_section=&#8220;no&#8220; type=&#8220;grid&#8220; angled_section=&#8220;no&#8220; text_align=&#8220;left&#8220; background_image_as_pattern=&#8220;without_pattern&#8220; z_index=&#8220;&#8220;][vc_column][vc_empty_space][\/vc_column][\/vc_row][vc_row css_animation=&#8220;&#8220; row_type=&#8220;row&#8220; use_row_as_full_screen_section=&#8220;no&#8220; type=&#8220;full_width&#8220; angled_section=&#8220;no&#8220; text_align=&#8220;left&#8220; background_image_as_pattern=&#8220;without_pattern&#8220;][vc_column][vc_column_text] \u00dcber uns [\/vc_column_text][vc_empty_space][vc_column_text css=&#8220;&#8220;]DioDea ist eine Unternehmensgruppe, die in 6 EU-Mitgliedstaaten \u2013 Deutschland, Italien, Griechenland, Polen, Rum\u00e4nien und Bulgarien \u2013 t\u00e4tig sind. Das Unternehmen ist als Schadensregulierungsbeauftragten (Korrespondenzpartner) im&#8230;<\/p>\n","protected":false},"author":1,"featured_media":0,"parent":0,"menu_order":0,"comment_status":"closed","ping_status":"closed","template":"","meta":{"footnotes":""},"class_list":["post-390","page","type-page","status-publish","hentry"],"_links":{"self":[{"href":"https:\/\/diodea.eu\/de\/wp-json\/wp\/v2\/pages\/390","targetHints":{"allow":["GET"]}}],"collection":[{"href":"https:\/\/diodea.eu\/de\/wp-json\/wp\/v2\/pages"}],"about":[{"href":"https:\/\/diodea.eu\/de\/wp-json\/wp\/v2\/types\/page"}],"author":[{"embeddable":true,"href":"https:\/\/diodea.eu\/de\/wp-json\/wp\/v2\/users\/1"}],"replies":[{"embeddable":true,"href":"https:\/\/diodea.eu\/de\/wp-json\/wp\/v2\/comments?post=390"}],"version-history":[{"count":3,"href":"https:\/\/diodea.eu\/de\/wp-json\/wp\/v2\/pages\/390\/revisions"}],"predecessor-version":[{"id":629,"href":"https:\/\/diodea.eu\/de\/wp-json\/wp\/v2\/pages\/390\/revisions\/629"}],"wp:attachment":[{"href":"https:\/\/diodea.eu\/de\/wp-json\/wp\/v2\/media?parent=390"}],"curies":[{"name":"wp","href":"https:\/\/api.w.org\/{rel}","templated":true}]}}