{"id":393,"date":"2019-12-03T14:27:27","date_gmt":"2019-12-03T12:27:27","guid":{"rendered":"https:\/\/diodea.eu\/ueber-uns\/warum-diodea\/"},"modified":"2025-04-22T16:41:22","modified_gmt":"2025-04-22T13:41:22","slug":"warum-diodea","status":"publish","type":"page","link":"https:\/\/diodea.eu\/de\/ueber-uns\/warum-diodea\/","title":{"rendered":"Warum DioDea?"},"content":{"rendered":"<div class=\"wpb-content-wrapper\"><p>[vc_row css_animation=&#8220;&#8220; row_type=&#8220;row&#8220; use_row_as_full_screen_section=&#8220;no&#8220; type=&#8220;full_width&#8220; angled_section=&#8220;no&#8220; text_align=&#8220;left&#8220; background_image_as_pattern=&#8220;without_pattern&#8220;][vc_column]\n\t\t\t<!-- START why diodea REVOLUTION SLIDER 6.7.29 --><p class=\"rs-p-wp-fix\"><\/p>\n\t\t\t<rs-module-wrap id=\"rev_slider_8_1_wrapper\" data-source=\"gallery\" style=\"visibility:hidden;background:transparent;padding:0;margin:0px auto;margin-top:0;margin-bottom:0;\">\n\t\t\t\t<rs-module id=\"rev_slider_8_1\" style=\"\" data-version=\"6.7.29\">\n\t\t\t\t\t<rs-slides style=\"overflow: hidden; position: absolute;\">\n\t\t\t\t\t\t<rs-slide style=\"position: absolute;\" data-key=\"rs-13\" data-title=\"Slide\" data-anim=\"ms:1000;r:0;\" data-in=\"o:0;\" data-out=\"a:false;\">\n\t\t\t\t\t\t\t<img decoding=\"async\" src=\"\/\/diodea.eu\/wp-content\/plugins\/revslider\/sr6\/assets\/assets\/dummy.png\" alt=\"\" width=\"1240\" height=\"620\" class=\"rev-slidebg tp-rs-img rs-lazyload\" data-lazyload=\"\/\/diodea.eu\/wp-content\/uploads\/2019\/12\/why-diodea-1.jpg\" data-no-retina>\n<!---->\t\t\t\t\t<\/rs-slide>\n\t\t\t\t\t<\/rs-slides>\n\t\t\t\t<\/rs-module>\n\t\t\t\t<script>\n\t\t\t\t\tsetREVStartSize({c: 'rev_slider_8_1',rl:[1240,1024,778,480],el:[620],gw:[1240],gh:[620],type:'standard',justify:'',layout:'fullwidth',mh:\"0\"});if (window.RS_MODULES!==undefined && window.RS_MODULES.modules!==undefined && window.RS_MODULES.modules[\"revslider81\"]!==undefined) {window.RS_MODULES.modules[\"revslider81\"].once = false;window.revapi8 = undefined;if (window.RS_MODULES.checkMinimal!==undefined) window.RS_MODULES.checkMinimal()}\n\t\t\t\t<\/script>\n\t\t\t<\/rs-module-wrap>\n\t\t\t<!-- END REVOLUTION SLIDER -->\n[vc_empty_space][\/vc_column][\/vc_row][vc_row css_animation=&#8220;&#8220; row_type=&#8220;row&#8220; use_row_as_full_screen_section=&#8220;no&#8220; type=&#8220;full_width&#8220; angled_section=&#8220;no&#8220; text_align=&#8220;left&#8220; background_image_as_pattern=&#8220;without_pattern&#8220;][vc_column][vc_column_text]<\/p>\n<h3>Warum DioDea?<\/h3>\n<p>[\/vc_column_text][vc_empty_space][vc_column_text css=&#8220;&#8220;]Der Erfolg und das kontinuierliche Wachstum von <strong>DioDea <\/strong>resultieren aus der umfassenden Expertise unseres jungen und motivierten Teams von Fachleuten. Wir bieten unseren Kunden und Partnern ein proaktives, reaktionsschnelles und kosteneffizientes Schadenmanagement, das alle Prozesse von der Unfallmeldung \u00fcber die Schadensbewertung und den Kostenvoranschlag f\u00fcr die Reparatur bis hin zur endg\u00fcltigen Schadenregulierung umfasst.<\/p>\n<p>&nbsp;<\/p>\n<p>Wir garantieren eine vollst\u00e4ndige Abdeckung des Gutachternetzes in Rum\u00e4nien, Griechenland, Italien und in Bulgarien durch das Versicherungsunternehmen <strong>DallBogg: Life and Health Inc.<\/strong> \u2013 der am schnellsten wachsende Versicherer auf dem Balkan, t\u00e4tig in der EU.[\/vc_column_text][vc_empty_space][\/vc_column][\/vc_row]<\/p>\n<\/div>","protected":false},"excerpt":{"rendered":"<p>[vc_row css_animation=&#8220;&#8220; row_type=&#8220;row&#8220; use_row_as_full_screen_section=&#8220;no&#8220; type=&#8220;full_width&#8220; angled_section=&#8220;no&#8220; text_align=&#8220;left&#8220; background_image_as_pattern=&#8220;without_pattern&#8220;][vc_column][vc_empty_space][\/vc_column][\/vc_row][vc_row css_animation=&#8220;&#8220; row_type=&#8220;row&#8220; use_row_as_full_screen_section=&#8220;no&#8220; type=&#8220;full_width&#8220; angled_section=&#8220;no&#8220; text_align=&#8220;left&#8220; background_image_as_pattern=&#8220;without_pattern&#8220;][vc_column][vc_column_text] Warum DioDea? [\/vc_column_text][vc_empty_space][vc_column_text css=&#8220;&#8220;]Der Erfolg und das kontinuierliche Wachstum von DioDea resultieren aus der umfassenden Expertise unseres jungen und motivierten Teams von Fachleuten. Wir bieten unseren Kunden und Partnern ein&#8230;<\/p>\n","protected":false},"author":1,"featured_media":0,"parent":390,"menu_order":0,"comment_status":"closed","ping_status":"closed","template":"","meta":{"footnotes":""},"class_list":["post-393","page","type-page","status-publish","hentry"],"_links":{"self":[{"href":"https:\/\/diodea.eu\/de\/wp-json\/wp\/v2\/pages\/393","targetHints":{"allow":["GET"]}}],"collection":[{"href":"https:\/\/diodea.eu\/de\/wp-json\/wp\/v2\/pages"}],"about":[{"href":"https:\/\/diodea.eu\/de\/wp-json\/wp\/v2\/types\/page"}],"author":[{"embeddable":true,"href":"https:\/\/diodea.eu\/de\/wp-json\/wp\/v2\/users\/1"}],"replies":[{"embeddable":true,"href":"https:\/\/diodea.eu\/de\/wp-json\/wp\/v2\/comments?post=393"}],"version-history":[{"count":4,"href":"https:\/\/diodea.eu\/de\/wp-json\/wp\/v2\/pages\/393\/revisions"}],"predecessor-version":[{"id":632,"href":"https:\/\/diodea.eu\/de\/wp-json\/wp\/v2\/pages\/393\/revisions\/632"}],"up":[{"embeddable":true,"href":"https:\/\/diodea.eu\/de\/wp-json\/wp\/v2\/pages\/390"}],"wp:attachment":[{"href":"https:\/\/diodea.eu\/de\/wp-json\/wp\/v2\/media?parent=393"}],"curies":[{"name":"wp","href":"https:\/\/api.w.org\/{rel}","templated":true}]}}