{"id":408,"date":"2019-12-03T15:43:55","date_gmt":"2019-12-03T13:43:55","guid":{"rendered":"https:\/\/diodea.eu\/dienstleistungen\/bearbeitung-von-green-card-antraegen\/"},"modified":"2025-04-15T14:40:30","modified_gmt":"2025-04-15T11:40:30","slug":"bearbeitung-von-green-card-antraegen","status":"publish","type":"page","link":"https:\/\/diodea.eu\/de\/dienstleistungen\/bearbeitung-von-green-card-antraegen\/","title":{"rendered":"Bearbeitung von Green Card-Antr\u00e4gen"},"content":{"rendered":"<div class=\"wpb-content-wrapper\"><p>[vc_row css_animation=&#8220;&#8220; row_type=&#8220;row&#8220; use_row_as_full_screen_section=&#8220;no&#8220; type=&#8220;full_width&#8220; angled_section=&#8220;no&#8220; text_align=&#8220;left&#8220; background_image_as_pattern=&#8220;without_pattern&#8220;][vc_column]\n\t\t\t<!-- START green card claim REVOLUTION SLIDER 6.7.29 --><p class=\"rs-p-wp-fix\"><\/p>\n\t\t\t<rs-module-wrap id=\"rev_slider_13_1_wrapper\" data-source=\"gallery\" style=\"visibility:hidden;background:transparent;padding:0;margin:0px auto;margin-top:0;margin-bottom:0;\">\n\t\t\t\t<rs-module id=\"rev_slider_13_1\" style=\"\" data-version=\"6.7.29\">\n\t\t\t\t\t<rs-slides style=\"overflow: hidden; position: absolute;\">\n\t\t\t\t\t\t<rs-slide style=\"position: absolute;\" data-key=\"rs-18\" data-title=\"Slide\" data-anim=\"ms:1000;r:0;\" data-in=\"o:0;\" data-out=\"a:false;\">\n\t\t\t\t\t\t\t<img decoding=\"async\" src=\"\/\/diodea.eu\/wp-content\/plugins\/revslider\/sr6\/assets\/assets\/dummy.png\" alt=\"\" width=\"1240\" height=\"620\" class=\"rev-slidebg tp-rs-img rs-lazyload\" data-lazyload=\"\/\/diodea.eu\/wp-content\/uploads\/2019\/12\/green-card-claim-1.jpg\" data-no-retina>\n<!---->\t\t\t\t\t<\/rs-slide>\n\t\t\t\t\t<\/rs-slides>\n\t\t\t\t<\/rs-module>\n\t\t\t\t<script>\n\t\t\t\t\tsetREVStartSize({c: 'rev_slider_13_1',rl:[1240,1024,778,480],el:[620],gw:[1240],gh:[620],type:'standard',justify:'',layout:'fullwidth',mh:\"0\"});if (window.RS_MODULES!==undefined && window.RS_MODULES.modules!==undefined && window.RS_MODULES.modules[\"revslider131\"]!==undefined) {window.RS_MODULES.modules[\"revslider131\"].once = false;window.revapi13 = undefined;if (window.RS_MODULES.checkMinimal!==undefined) window.RS_MODULES.checkMinimal()}\n\t\t\t\t<\/script>\n\t\t\t<\/rs-module-wrap>\n\t\t\t<!-- END REVOLUTION SLIDER -->\n[vc_empty_space][\/vc_column][\/vc_row][vc_row css_animation=&#8220;&#8220; row_type=&#8220;row&#8220; use_row_as_full_screen_section=&#8220;no&#8220; type=&#8220;full_width&#8220; angled_section=&#8220;no&#8220; text_align=&#8220;left&#8220; background_image_as_pattern=&#8220;without_pattern&#8220;][vc_column][vc_column_text]<\/p>\n<h3>Bearbeitung von Green Card-Antr\u00e4gen<\/h3>\n<p>[\/vc_column_text][vc_empty_space][vc_column_text]Bearbeitung eines Anspruchs im Zusammenhang mit einem Unfall, der sich in dem Land ereignet hat, in dem der Gesch\u00e4digte und nicht schuldige Beteiligte seinen gew\u00f6hnlichen Wohnsitz hat, w\u00e4hrend das Fahrzeug des schuldigen Fahrers in einem anderen ausl\u00e4ndischen Land zugelassen ist. Der Gesch\u00e4digte kann bei der Gr\u00fcnen Karte des Versicherers f\u00fcr das betreffende Land eine Schadensmeldung f\u00fcr seinen Schaden einreichen.<\/p>\n<p>&nbsp;<\/p>\n<p><em>Beispiel<\/em>: Ein Unfall ereignet sich in Italien zwischen einem Fahrzeug mit italienischem Kennzeichen und\/oder einer Person, die ihren gew\u00f6hnlichen Wohnsitz in Italien hat, und einem Fahrzeug mit bulgarischem Kennzeichen, das die Schuld an dem Unfall tr\u00e4gt.<\/p>\n<p>&nbsp;<\/p>\n<p><strong>DioDea<\/strong> ist derzeit autorisiert, als Korrespondent f\u00fcr die Gr\u00fcne Karte im Namen der Kfz-Versicherungsb\u00fcros in Rum\u00e4nien<a href=\"https:\/\/www.baar.ro\/\">(www.baar.ro)<\/a>, Italien<a href=\"https:\/\/ucimi.it\/\">(www.ucimi.it)<\/a> und Griechenland<a href=\"http:\/\/www.mib-hellas.gr\">(www.mib-hellas.gr)<\/a> zu handeln.[\/vc_column_text][vc_empty_space][\/vc_column][\/vc_row]<\/p>\n<\/div>","protected":false},"excerpt":{"rendered":"<p>[vc_row css_animation=&#8220;&#8220; row_type=&#8220;row&#8220; use_row_as_full_screen_section=&#8220;no&#8220; type=&#8220;full_width&#8220; angled_section=&#8220;no&#8220; text_align=&#8220;left&#8220; background_image_as_pattern=&#8220;without_pattern&#8220;][vc_column][vc_empty_space][\/vc_column][\/vc_row][vc_row css_animation=&#8220;&#8220; row_type=&#8220;row&#8220; use_row_as_full_screen_section=&#8220;no&#8220; type=&#8220;full_width&#8220; angled_section=&#8220;no&#8220; text_align=&#8220;left&#8220; background_image_as_pattern=&#8220;without_pattern&#8220;][vc_column][vc_column_text] Bearbeitung von Green Card-Antr\u00e4gen [\/vc_column_text][vc_empty_space][vc_column_text]Bearbeitung eines Anspruchs im Zusammenhang mit einem Unfall, der sich in dem Land ereignet hat, in dem der Gesch\u00e4digte und nicht schuldige Beteiligte seinen gew\u00f6hnlichen Wohnsitz&#8230;<\/p>\n","protected":false},"author":1,"featured_media":0,"parent":396,"menu_order":0,"comment_status":"closed","ping_status":"closed","template":"","meta":{"footnotes":""},"class_list":["post-408","page","type-page","status-publish","hentry"],"_links":{"self":[{"href":"https:\/\/diodea.eu\/de\/wp-json\/wp\/v2\/pages\/408","targetHints":{"allow":["GET"]}}],"collection":[{"href":"https:\/\/diodea.eu\/de\/wp-json\/wp\/v2\/pages"}],"about":[{"href":"https:\/\/diodea.eu\/de\/wp-json\/wp\/v2\/types\/page"}],"author":[{"embeddable":true,"href":"https:\/\/diodea.eu\/de\/wp-json\/wp\/v2\/users\/1"}],"replies":[{"embeddable":true,"href":"https:\/\/diodea.eu\/de\/wp-json\/wp\/v2\/comments?post=408"}],"version-history":[{"count":10,"href":"https:\/\/diodea.eu\/de\/wp-json\/wp\/v2\/pages\/408\/revisions"}],"predecessor-version":[{"id":425,"href":"https:\/\/diodea.eu\/de\/wp-json\/wp\/v2\/pages\/408\/revisions\/425"}],"up":[{"embeddable":true,"href":"https:\/\/diodea.eu\/de\/wp-json\/wp\/v2\/pages\/396"}],"wp:attachment":[{"href":"https:\/\/diodea.eu\/de\/wp-json\/wp\/v2\/media?parent=408"}],"curies":[{"name":"wp","href":"https:\/\/api.w.org\/{rel}","templated":true}]}}