{"id":411,"date":"2019-12-03T15:49:26","date_gmt":"2019-12-03T13:49:26","guid":{"rendered":"https:\/\/diodea.eu\/dienstleistungen\/bearbeitung-von-4-anspruechen-aus-der-kfz-richtlinie\/"},"modified":"2025-04-15T14:40:30","modified_gmt":"2025-04-15T11:40:30","slug":"bearbeitung-von-4-anspruechen-aus-der-kfz-richtlinie","status":"publish","type":"page","link":"https:\/\/diodea.eu\/de\/dienstleistungen\/bearbeitung-von-4-anspruechen-aus-der-kfz-richtlinie\/","title":{"rendered":"Bearbeitung von 4 Anspr\u00fcchen aus der Kfz-Richtlinie"},"content":{"rendered":"<div class=\"wpb-content-wrapper\"><p>[vc_row css_animation=&#8220;&#8220; row_type=&#8220;row&#8220; use_row_as_full_screen_section=&#8220;no&#8220; type=&#8220;full_width&#8220; angled_section=&#8220;no&#8220; text_align=&#8220;left&#8220; background_image_as_pattern=&#8220;without_pattern&#8220;][vc_column]\n\t\t\t<!-- START motor directive claim REVOLUTION SLIDER 6.7.29 --><p class=\"rs-p-wp-fix\"><\/p>\n\t\t\t<rs-module-wrap id=\"rev_slider_14_1_wrapper\" data-source=\"gallery\" style=\"visibility:hidden;background:transparent;padding:0;margin:0px auto;margin-top:0;margin-bottom:0;\">\n\t\t\t\t<rs-module id=\"rev_slider_14_1\" style=\"\" data-version=\"6.7.29\">\n\t\t\t\t\t<rs-slides style=\"overflow: hidden; position: absolute;\">\n\t\t\t\t\t\t<rs-slide style=\"position: absolute;\" data-key=\"rs-19\" data-title=\"Slide\" data-anim=\"ms:1000;r:0;\" data-in=\"o:0;\" data-out=\"a:false;\">\n\t\t\t\t\t\t\t<img decoding=\"async\" src=\"\/\/diodea.eu\/wp-content\/plugins\/revslider\/sr6\/assets\/assets\/dummy.png\" alt=\"\" width=\"1240\" height=\"620\" class=\"rev-slidebg tp-rs-img rs-lazyload\" data-lazyload=\"\/\/diodea.eu\/wp-content\/uploads\/2019\/12\/motor-directive-claim-1.jpg\" data-no-retina>\n<!---->\t\t\t\t\t<\/rs-slide>\n\t\t\t\t\t<\/rs-slides>\n\t\t\t\t<\/rs-module>\n\t\t\t\t<script>\n\t\t\t\t\tsetREVStartSize({c: 'rev_slider_14_1',rl:[1240,1024,778,480],el:[620],gw:[1240],gh:[620],type:'standard',justify:'',layout:'fullwidth',mh:\"0\"});if (window.RS_MODULES!==undefined && window.RS_MODULES.modules!==undefined && window.RS_MODULES.modules[\"revslider141\"]!==undefined) {window.RS_MODULES.modules[\"revslider141\"].once = false;window.revapi14 = undefined;if (window.RS_MODULES.checkMinimal!==undefined) window.RS_MODULES.checkMinimal()}\n\t\t\t\t<\/script>\n\t\t\t<\/rs-module-wrap>\n\t\t\t<!-- END REVOLUTION SLIDER -->\n[vc_empty_space][\/vc_column][\/vc_row][vc_row css_animation=&#8220;&#8220; row_type=&#8220;row&#8220; use_row_as_full_screen_section=&#8220;no&#8220; type=&#8220;full_width&#8220; angled_section=&#8220;no&#8220; text_align=&#8220;left&#8220; background_image_as_pattern=&#8220;without_pattern&#8220;][vc_column][vc_column_text]<\/p>\n<h3>Bearbeitung von 4 Anspr\u00fcchen aus der Kfz-Richtlinie<\/h3>\n<p>[\/vc_column_text][vc_empty_space][vc_column_text]Bearbeitung eines Schadensfalls, der sich im Ausland ereignet hat, aus der Sicht der gesch\u00e4digten und nicht schuldigen Partei. Nach seiner R\u00fcckkehr in das Land, in dem er seinen gew\u00f6hnlichen Wohnsitz hat, kann der Gesch\u00e4digte beim Vertreter des Versicherers f\u00fcr das betreffende Land, der 4.<\/p>\n<p>&nbsp;<\/p>\n<p><em>Beispiel:<\/em> In Bulgarien kommt es zu einem Unfall zwischen einem italienischen Fahrzeug und\/oder einer Person, die ihren gew\u00f6hnlichen Wohnsitz in Italien hat, und einem bulgarischen Fahrzeug, das die Schuld an dem Unfall tr\u00e4gt.[\/vc_column_text][vc_empty_space][\/vc_column][\/vc_row]<\/p>\n<\/div>","protected":false},"excerpt":{"rendered":"<p>[vc_row css_animation=&#8220;&#8220; row_type=&#8220;row&#8220; use_row_as_full_screen_section=&#8220;no&#8220; type=&#8220;full_width&#8220; angled_section=&#8220;no&#8220; text_align=&#8220;left&#8220; background_image_as_pattern=&#8220;without_pattern&#8220;][vc_column][vc_empty_space][\/vc_column][\/vc_row][vc_row css_animation=&#8220;&#8220; row_type=&#8220;row&#8220; use_row_as_full_screen_section=&#8220;no&#8220; type=&#8220;full_width&#8220; angled_section=&#8220;no&#8220; text_align=&#8220;left&#8220; background_image_as_pattern=&#8220;without_pattern&#8220;][vc_column][vc_column_text] Bearbeitung von 4 Anspr\u00fcchen aus der Kfz-Richtlinie [\/vc_column_text][vc_empty_space][vc_column_text]Bearbeitung eines Schadensfalls, der sich im Ausland ereignet hat, aus der Sicht der gesch\u00e4digten und nicht schuldigen Partei. Nach seiner R\u00fcckkehr in das&#8230;<\/p>\n","protected":false},"author":1,"featured_media":0,"parent":396,"menu_order":0,"comment_status":"closed","ping_status":"closed","template":"","meta":{"footnotes":""},"class_list":["post-411","page","type-page","status-publish","hentry"],"_links":{"self":[{"href":"https:\/\/diodea.eu\/de\/wp-json\/wp\/v2\/pages\/411","targetHints":{"allow":["GET"]}}],"collection":[{"href":"https:\/\/diodea.eu\/de\/wp-json\/wp\/v2\/pages"}],"about":[{"href":"https:\/\/diodea.eu\/de\/wp-json\/wp\/v2\/types\/page"}],"author":[{"embeddable":true,"href":"https:\/\/diodea.eu\/de\/wp-json\/wp\/v2\/users\/1"}],"replies":[{"embeddable":true,"href":"https:\/\/diodea.eu\/de\/wp-json\/wp\/v2\/comments?post=411"}],"version-history":[{"count":1,"href":"https:\/\/diodea.eu\/de\/wp-json\/wp\/v2\/pages\/411\/revisions"}],"predecessor-version":[{"id":414,"href":"https:\/\/diodea.eu\/de\/wp-json\/wp\/v2\/pages\/411\/revisions\/414"}],"up":[{"embeddable":true,"href":"https:\/\/diodea.eu\/de\/wp-json\/wp\/v2\/pages\/396"}],"wp:attachment":[{"href":"https:\/\/diodea.eu\/de\/wp-json\/wp\/v2\/media?parent=411"}],"curies":[{"name":"wp","href":"https:\/\/api.w.org\/{rel}","templated":true}]}}