{"id":419,"date":"2019-12-05T08:34:59","date_gmt":"2019-12-05T06:34:59","guid":{"rendered":"https:\/\/diodea.eu\/betrugsalarm\/"},"modified":"2025-04-15T14:40:30","modified_gmt":"2025-04-15T11:40:30","slug":"betrugsalarm","status":"publish","type":"page","link":"https:\/\/diodea.eu\/de\/betrugsalarm\/","title":{"rendered":"Betrugsalarm"},"content":{"rendered":"<div class=\"wpb-content-wrapper\"><p>[vc_row row_type=&#8220;row&#8220; use_row_as_full_screen_section=&#8220;no&#8220; type=&#8220;full_width&#8220; angled_section=&#8220;no&#8220; text_align=&#8220;left&#8220; background_image_as_pattern=&#8220;without_pattern&#8220;][vc_column]\n\t\t\t<!-- START fraud alert REVOLUTION SLIDER 6.7.29 --><p class=\"rs-p-wp-fix\"><\/p>\n\t\t\t<rs-module-wrap id=\"rev_slider_16_1_wrapper\" data-source=\"gallery\" style=\"visibility:hidden;background:transparent;padding:0;margin:0px auto;margin-top:0;margin-bottom:0;\">\n\t\t\t\t<rs-module id=\"rev_slider_16_1\" style=\"\" data-version=\"6.7.29\">\n\t\t\t\t\t<rs-slides style=\"overflow: hidden; position: absolute;\">\n\t\t\t\t\t\t<rs-slide style=\"position: absolute;\" data-key=\"rs-21\" data-title=\"Slide\" data-anim=\"ms:1000;r:0;\" data-in=\"o:0;\" data-out=\"a:false;\">\n\t\t\t\t\t\t\t<img decoding=\"async\" src=\"\/\/diodea.eu\/wp-content\/plugins\/revslider\/sr6\/assets\/assets\/dummy.png\" alt=\"\" width=\"1240\" height=\"620\" class=\"rev-slidebg tp-rs-img rs-lazyload\" data-lazyload=\"\/\/diodea.eu\/wp-content\/uploads\/2019\/12\/fraud-alert-1.jpg\" data-no-retina>\n<!---->\t\t\t\t\t<\/rs-slide>\n\t\t\t\t\t<\/rs-slides>\n\t\t\t\t<\/rs-module>\n\t\t\t\t<script>\n\t\t\t\t\tsetREVStartSize({c: 'rev_slider_16_1',rl:[1240,1024,778,480],el:[620],gw:[1240],gh:[620],type:'standard',justify:'',layout:'fullwidth',mh:\"0\"});if (window.RS_MODULES!==undefined && window.RS_MODULES.modules!==undefined && window.RS_MODULES.modules[\"revslider161\"]!==undefined) {window.RS_MODULES.modules[\"revslider161\"].once = false;window.revapi16 = undefined;if (window.RS_MODULES.checkMinimal!==undefined) window.RS_MODULES.checkMinimal()}\n\t\t\t\t<\/script>\n\t\t\t<\/rs-module-wrap>\n\t\t\t<!-- END REVOLUTION SLIDER -->\n[vc_empty_space][\/vc_column][\/vc_row][vc_row row_type=&#8220;row&#8220; use_row_as_full_screen_section=&#8220;no&#8220; type=&#8220;full_width&#8220; angled_section=&#8220;no&#8220; text_align=&#8220;left&#8220; background_image_as_pattern=&#8220;without_pattern&#8220;][vc_column][vc_column_text]<\/p>\n<h3>Betrugsalarm<\/h3>\n<p>[\/vc_column_text][vc_empty_space][vc_column_text]DioDea nimmt alle Hinweise auf betr\u00fcgerische Aktivit\u00e4ten sehr ernst. Mit unseren erfahrenen Betrugsbek\u00e4mpfungsteams versuchen wir aktiv, ungesetzliches und betr\u00fcgerisches Verhalten zu erkennen und zu verhindern. <\/p>\n<p>&nbsp;<\/p>\n<p>Im Falle eines Betrugsverdachts informieren Sie uns bitte unter <a href=\"mailto:office@diodea.eu\">office@diodea.eu.<\/a>[\/vc_column_text][vc_empty_space height=&#8220;50px&#8220;][\/vc_column][\/vc_row]<\/p>\n<\/div>","protected":false},"excerpt":{"rendered":"<p>[vc_row row_type=&#8220;row&#8220; use_row_as_full_screen_section=&#8220;no&#8220; type=&#8220;full_width&#8220; angled_section=&#8220;no&#8220; text_align=&#8220;left&#8220; background_image_as_pattern=&#8220;without_pattern&#8220;][vc_column][vc_empty_space][\/vc_column][\/vc_row][vc_row row_type=&#8220;row&#8220; use_row_as_full_screen_section=&#8220;no&#8220; type=&#8220;full_width&#8220; angled_section=&#8220;no&#8220; text_align=&#8220;left&#8220; background_image_as_pattern=&#8220;without_pattern&#8220;][vc_column][vc_column_text] Betrugsalarm [\/vc_column_text][vc_empty_space][vc_column_text]DioDea nimmt alle Hinweise auf betr\u00fcgerische Aktivit\u00e4ten sehr ernst. Mit unseren erfahrenen Betrugsbek\u00e4mpfungsteams versuchen wir aktiv, ungesetzliches und betr\u00fcgerisches Verhalten zu erkennen und zu verhindern. &nbsp; Im Falle eines Betrugsverdachts informieren&#8230;<\/p>\n","protected":false},"author":1,"featured_media":0,"parent":0,"menu_order":0,"comment_status":"closed","ping_status":"closed","template":"","meta":{"footnotes":""},"class_list":["post-419","page","type-page","status-publish","hentry"],"_links":{"self":[{"href":"https:\/\/diodea.eu\/de\/wp-json\/wp\/v2\/pages\/419","targetHints":{"allow":["GET"]}}],"collection":[{"href":"https:\/\/diodea.eu\/de\/wp-json\/wp\/v2\/pages"}],"about":[{"href":"https:\/\/diodea.eu\/de\/wp-json\/wp\/v2\/types\/page"}],"author":[{"embeddable":true,"href":"https:\/\/diodea.eu\/de\/wp-json\/wp\/v2\/users\/1"}],"replies":[{"embeddable":true,"href":"https:\/\/diodea.eu\/de\/wp-json\/wp\/v2\/comments?post=419"}],"version-history":[{"count":1,"href":"https:\/\/diodea.eu\/de\/wp-json\/wp\/v2\/pages\/419\/revisions"}],"predecessor-version":[{"id":422,"href":"https:\/\/diodea.eu\/de\/wp-json\/wp\/v2\/pages\/419\/revisions\/422"}],"wp:attachment":[{"href":"https:\/\/diodea.eu\/de\/wp-json\/wp\/v2\/media?parent=419"}],"curies":[{"name":"wp","href":"https:\/\/api.w.org\/{rel}","templated":true}]}}