{"id":611,"date":"2019-08-05T09:19:59","date_gmt":"2019-08-05T06:19:59","guid":{"rendered":"https:\/\/diodea.eu\/?page_id=611"},"modified":"2025-04-16T13:36:14","modified_gmt":"2025-04-16T10:36:14","slug":"gdpr","status":"publish","type":"page","link":"https:\/\/diodea.eu\/de\/gdpr\/","title":{"rendered":"GDPR"},"content":{"rendered":"<div class=\"wpb-content-wrapper\"><p>[vc_row row_type=&#8220;row&#8220; use_row_as_full_screen_section=&#8220;no&#8220; type=&#8220;full_width&#8220; angled_section=&#8220;no&#8220; text_align=&#8220;left&#8220; background_image_as_pattern=&#8220;without_pattern&#8220;][vc_column][vc_empty_space][\/vc_column][\/vc_row][vc_row row_type=&#8220;row&#8220; use_row_as_full_screen_section=&#8220;no&#8220; type=&#8220;full_width&#8220; angled_section=&#8220;no&#8220; text_align=&#8220;left&#8220; background_image_as_pattern=&#8220;without_pattern&#8220;][vc_column][vc_column_text]<\/p>\n<h3>GDPR<\/h3>\n<p>[\/vc_column_text][vc_empty_space][vc_column_text]<a href=\"https:\/\/diodea.eu\/wp-content\/uploads\/2019\/08\/Awareness-notice-form-Diodea-Greece-ENG.pdf\">Formular f\u00fcr die Einwilligung in die \u00dcbermittlung personenbezogener Daten zur Erfassung von Schadensf\u00e4llen ENG<\/a><\/p>\n<p><a href=\"https:\/\/diodea.eu\/wp-content\/uploads\/2019\/08\/Awareness-notice-form-Diodea-Greece-GR.pdf\">Formular f\u00fcr die Einwilligung in die \u00dcbermittlung personenbezogener Daten im Zusammenhang mit der Schadensregistrierung GR<\/a><\/p>\n<p><a href=\"https:\/\/diodea.eu\/wp-content\/uploads\/2019\/08\/Confidentiality-notice-DioDea-Greece-ENG.pdf\">Vertraulichkeitserkl\u00e4rung ENG<\/a><\/p>\n<p><a href=\"https:\/\/diodea.eu\/wp-content\/uploads\/2019\/08\/Confidentiality-notice-DioDea-Greece-GR.pdf\">Vertraulichkeitserkl\u00e4rung GR<\/a><\/p>\n<p><a href=\"https:\/\/diodea.eu\/wp-content\/uploads\/2019\/12\/Informativa-privacy-GDPR-DioDea-IT.pdf\">Datenschutzrichtlinie IT<\/a><\/p>\n<p><a href=\"https:\/\/diodea.eu\/wp-content\/uploads\/2019\/08\/Regulations-DioDea-Greece-ENG.pdf\">Verordnungen \u00fcber die Rechte der betroffenen Person ENG<\/a><\/p>\n<p><a href=\"https:\/\/diodea.eu\/wp-content\/uploads\/2019\/08\/Regulations-DioDea-Greece-GR.pdf\">Verordnungen \u00fcber die Rechte der betroffenen Person GR<\/a>[\/vc_column_text][vc_empty_space height=&#8220;50px&#8220;][\/vc_column][\/vc_row]<\/p>\n<\/div>","protected":false},"excerpt":{"rendered":"<p>[vc_row row_type=&#8220;row&#8220; use_row_as_full_screen_section=&#8220;no&#8220; type=&#8220;full_width&#8220; angled_section=&#8220;no&#8220; text_align=&#8220;left&#8220; background_image_as_pattern=&#8220;without_pattern&#8220;][vc_column][vc_empty_space][\/vc_column][\/vc_row][vc_row row_type=&#8220;row&#8220; use_row_as_full_screen_section=&#8220;no&#8220; type=&#8220;full_width&#8220; angled_section=&#8220;no&#8220; text_align=&#8220;left&#8220; background_image_as_pattern=&#8220;without_pattern&#8220;][vc_column][vc_column_text] GDPR [\/vc_column_text][vc_empty_space][vc_column_text]Formular f\u00fcr die Einwilligung in die \u00dcbermittlung personenbezogener Daten zur Erfassung von Schadensf\u00e4llen ENG Formular f\u00fcr die Einwilligung in die \u00dcbermittlung personenbezogener Daten im Zusammenhang mit der Schadensregistrierung GR Vertraulichkeitserkl\u00e4rung ENG&#8230;<\/p>\n","protected":false},"author":1,"featured_media":0,"parent":0,"menu_order":0,"comment_status":"closed","ping_status":"closed","template":"","meta":{"footnotes":""},"class_list":["post-611","page","type-page","status-publish","hentry"],"_links":{"self":[{"href":"https:\/\/diodea.eu\/de\/wp-json\/wp\/v2\/pages\/611","targetHints":{"allow":["GET"]}}],"collection":[{"href":"https:\/\/diodea.eu\/de\/wp-json\/wp\/v2\/pages"}],"about":[{"href":"https:\/\/diodea.eu\/de\/wp-json\/wp\/v2\/types\/page"}],"author":[{"embeddable":true,"href":"https:\/\/diodea.eu\/de\/wp-json\/wp\/v2\/users\/1"}],"replies":[{"embeddable":true,"href":"https:\/\/diodea.eu\/de\/wp-json\/wp\/v2\/comments?post=611"}],"version-history":[{"count":1,"href":"https:\/\/diodea.eu\/de\/wp-json\/wp\/v2\/pages\/611\/revisions"}],"predecessor-version":[{"id":612,"href":"https:\/\/diodea.eu\/de\/wp-json\/wp\/v2\/pages\/611\/revisions\/612"}],"wp:attachment":[{"href":"https:\/\/diodea.eu\/de\/wp-json\/wp\/v2\/media?parent=611"}],"curies":[{"name":"wp","href":"https:\/\/api.w.org\/{rel}","templated":true}]}}