{"id":476,"date":"2019-12-03T15:50:59","date_gmt":"2019-12-03T13:50:59","guid":{"rendered":"https:\/\/diodea.eu\/servizi\/rappresentanza-fiscale-e-legale\/"},"modified":"2025-04-15T14:44:22","modified_gmt":"2025-04-15T11:44:22","slug":"rappresentanza-fiscale-e-legale","status":"publish","type":"page","link":"https:\/\/diodea.eu\/it\/servizi\/rappresentanza-fiscale-e-legale\/","title":{"rendered":"Rappresentanza fiscale e legale"},"content":{"rendered":"<div class=\"wpb-content-wrapper\"><p>[vc_row css_animation=&#8221;&#8221; row_type=&#8221;row&#8221; use_row_as_full_screen_section=&#8221;no&#8221; type=&#8221;full_width&#8221; angled_section=&#8221;no&#8221; text_align=&#8221;left&#8221; background_image_as_pattern=&#8221;without_pattern&#8221;][vc_column]\n\t\t\t<!-- START fl representation REVOLUTION SLIDER 6.7.29 --><p class=\"rs-p-wp-fix\"><\/p>\n\t\t\t<rs-module-wrap id=\"rev_slider_15_1_wrapper\" data-source=\"gallery\" style=\"visibility:hidden;background:transparent;padding:0;margin:0px auto;margin-top:0;margin-bottom:0;\">\n\t\t\t\t<rs-module id=\"rev_slider_15_1\" style=\"\" data-version=\"6.7.29\">\n\t\t\t\t\t<rs-slides style=\"overflow: hidden; position: absolute;\">\n\t\t\t\t\t\t<rs-slide style=\"position: absolute;\" data-key=\"rs-20\" data-title=\"Slide\" data-anim=\"ms:1000;r:0;\" data-in=\"o:0;\" data-out=\"a:false;\">\n\t\t\t\t\t\t\t<img decoding=\"async\" src=\"\/\/diodea.eu\/wp-content\/plugins\/revslider\/sr6\/assets\/assets\/dummy.png\" alt=\"\" width=\"1240\" height=\"620\" class=\"rev-slidebg tp-rs-img rs-lazyload\" data-lazyload=\"\/\/diodea.eu\/wp-content\/uploads\/2019\/12\/fl-representation-1.jpg\" data-no-retina>\n<!---->\t\t\t\t\t<\/rs-slide>\n\t\t\t\t\t<\/rs-slides>\n\t\t\t\t<\/rs-module>\n\t\t\t\t<script>\n\t\t\t\t\tsetREVStartSize({c: 'rev_slider_15_1',rl:[1240,1024,778,480],el:[620],gw:[1240],gh:[620],type:'standard',justify:'',layout:'fullwidth',mh:\"0\"});if (window.RS_MODULES!==undefined && window.RS_MODULES.modules!==undefined && window.RS_MODULES.modules[\"revslider151\"]!==undefined) {window.RS_MODULES.modules[\"revslider151\"].once = false;window.revapi15 = undefined;if (window.RS_MODULES.checkMinimal!==undefined) window.RS_MODULES.checkMinimal()}\n\t\t\t\t<\/script>\n\t\t\t<\/rs-module-wrap>\n\t\t\t<!-- END REVOLUTION SLIDER -->\n[vc_empty_space][\/vc_column][\/vc_row][vc_row css_animation=&#8221;&#8221; row_type=&#8221;row&#8221; use_row_as_full_screen_section=&#8221;no&#8221; type=&#8221;full_width&#8221; angled_section=&#8221;no&#8221; text_align=&#8221;left&#8221; background_image_as_pattern=&#8221;without_pattern&#8221;][vc_column][vc_column_text]<\/p>\n<h3>Rappresentanza fiscale<\/h3>\n<p>[\/vc_column_text][vc_empty_space][vc_column_text]<strong>DioDea <\/strong>pu\u00f2 agire come tuo rappresentante fiscale in Bulgaria, Romania, Grecia e Italia. Attualmente DioDea \u00e8 un punto di contatto dedicato per le autorit\u00e0 fiscali e tributarie per conto di diverse aziende. Grazie alla nostra vasta rete di professionisti in tutti gli ambiti finanziari e legali, DioDea fornisce servizi di consulenza globale per salvaguardare gli interessi della tua azienda e proteggere i tuoi diritti nei rispettivi territori.[\/vc_column_text][vc_empty_space][vc_column_text]<\/p>\n<h3>Rappresentanza legale<\/h3>\n<p>[\/vc_column_text][vc_empty_space][vc_column_text]DioDea fornisce ogni tipo di consulenza legale relativa a diversi settori di attivit\u00e0, tra cui, ma non solo: diritto civile, diritto commerciale, diritto e regolamentazione delle assicurazioni, diritto societario, contenzioso, ecc. DioDea dispone di 4 distinti uffici legali in tutti i paesi in cui \u00e8 presente, in grado di fornire un servizio di qualit\u00e0 a livello mondiale.[\/vc_column_text][vc_empty_space][\/vc_column][\/vc_row]<\/p>\n<\/div>","protected":false},"excerpt":{"rendered":"<p>[vc_row css_animation=&#8221;&#8221; row_type=&#8221;row&#8221; use_row_as_full_screen_section=&#8221;no&#8221; type=&#8221;full_width&#8221; angled_section=&#8221;no&#8221; text_align=&#8221;left&#8221; background_image_as_pattern=&#8221;without_pattern&#8221;][vc_column][vc_empty_space][\/vc_column][\/vc_row][vc_row css_animation=&#8221;&#8221; row_type=&#8221;row&#8221; use_row_as_full_screen_section=&#8221;no&#8221; type=&#8221;full_width&#8221; angled_section=&#8221;no&#8221; text_align=&#8221;left&#8221; background_image_as_pattern=&#8221;without_pattern&#8221;][vc_column][vc_column_text] Rappresentanza fiscale [\/vc_column_text][vc_empty_space][vc_column_text]DioDea pu\u00f2 agire come tuo rappresentante fiscale in Bulgaria, Romania, Grecia e Italia. Attualmente DioDea \u00e8 un punto di contatto dedicato per le autorit\u00e0 fiscali e tributarie per&#8230;<\/p>\n","protected":false},"author":1,"featured_media":0,"parent":466,"menu_order":0,"comment_status":"closed","ping_status":"closed","template":"","meta":{"footnotes":""},"class_list":["post-476","page","type-page","status-publish","hentry"],"_links":{"self":[{"href":"https:\/\/diodea.eu\/it\/wp-json\/wp\/v2\/pages\/476","targetHints":{"allow":["GET"]}}],"collection":[{"href":"https:\/\/diodea.eu\/it\/wp-json\/wp\/v2\/pages"}],"about":[{"href":"https:\/\/diodea.eu\/it\/wp-json\/wp\/v2\/types\/page"}],"author":[{"embeddable":true,"href":"https:\/\/diodea.eu\/it\/wp-json\/wp\/v2\/users\/1"}],"replies":[{"embeddable":true,"href":"https:\/\/diodea.eu\/it\/wp-json\/wp\/v2\/comments?post=476"}],"version-history":[{"count":2,"href":"https:\/\/diodea.eu\/it\/wp-json\/wp\/v2\/pages\/476\/revisions"}],"predecessor-version":[{"id":478,"href":"https:\/\/diodea.eu\/it\/wp-json\/wp\/v2\/pages\/476\/revisions\/478"}],"up":[{"embeddable":true,"href":"https:\/\/diodea.eu\/it\/wp-json\/wp\/v2\/pages\/466"}],"wp:attachment":[{"href":"https:\/\/diodea.eu\/it\/wp-json\/wp\/v2\/media?parent=476"}],"curies":[{"name":"wp","href":"https:\/\/api.w.org\/{rel}","templated":true}]}}