{"id":523,"date":"2019-12-03T14:23:42","date_gmt":"2019-12-03T12:23:42","guid":{"rendered":"https:\/\/diodea.eu\/o-nas\/"},"modified":"2025-04-15T14:51:16","modified_gmt":"2025-04-15T11:51:16","slug":"o-nas","status":"publish","type":"page","link":"https:\/\/diodea.eu\/pl\/","title":{"rendered":"O nas"},"content":{"rendered":"<div class=\"wpb-content-wrapper\"><p>[vc_row css_animation=&#8221;&#8221; row_type=&#8221;row&#8221; use_row_as_full_screen_section=&#8221;no&#8221; type=&#8221;grid&#8221; angled_section=&#8221;no&#8221; text_align=&#8221;left&#8221; background_image_as_pattern=&#8221;without_pattern&#8221; z_index=&#8221;&#8221;][vc_column]\n\t\t\t<!-- START about us REVOLUTION SLIDER 6.7.29 --><p class=\"rs-p-wp-fix\"><\/p>\n\t\t\t<rs-module-wrap id=\"rev_slider_7_1_wrapper\" data-source=\"gallery\" style=\"visibility:hidden;background:transparent;padding:0;margin:0px auto;margin-top:0;margin-bottom:0;\">\n\t\t\t\t<rs-module id=\"rev_slider_7_1\" style=\"\" data-version=\"6.7.29\">\n\t\t\t\t\t<rs-slides style=\"overflow: hidden; position: absolute;\">\n\t\t\t\t\t\t<rs-slide style=\"position: absolute;\" data-key=\"rs-11\" data-title=\"Slide\" data-anim=\"ms:1000;r:0;\" data-in=\"o:0;\" data-out=\"a:false;\">\n\t\t\t\t\t\t\t<img decoding=\"async\" src=\"\/\/diodea.eu\/wp-content\/plugins\/revslider\/sr6\/assets\/assets\/dummy.png\" alt=\"\" width=\"1240\" height=\"620\" class=\"rev-slidebg tp-rs-img rs-lazyload\" data-lazyload=\"\/\/diodea.eu\/wp-content\/uploads\/2019\/12\/about-us-1.jpg\" data-no-retina>\n<!---->\t\t\t\t\t<\/rs-slide>\n\t\t\t\t\t<\/rs-slides>\n\t\t\t\t<\/rs-module>\n\t\t\t\t<script>\n\t\t\t\t\tsetREVStartSize({c: 'rev_slider_7_1',rl:[1240,1024,778,480],el:[620],gw:[1240],gh:[620],type:'standard',justify:'',layout:'fullwidth',mh:\"0\"});if (window.RS_MODULES!==undefined && window.RS_MODULES.modules!==undefined && window.RS_MODULES.modules[\"revslider71\"]!==undefined) {window.RS_MODULES.modules[\"revslider71\"].once = false;window.revapi7 = undefined;if (window.RS_MODULES.checkMinimal!==undefined) window.RS_MODULES.checkMinimal()}\n\t\t\t\t<\/script>\n\t\t\t<\/rs-module-wrap>\n\t\t\t<!-- END REVOLUTION SLIDER -->\n[vc_empty_space][\/vc_column][\/vc_row][vc_row css_animation=&#8221;&#8221; row_type=&#8221;row&#8221; use_row_as_full_screen_section=&#8221;no&#8221; type=&#8221;full_width&#8221; angled_section=&#8221;no&#8221; text_align=&#8221;left&#8221; background_image_as_pattern=&#8221;without_pattern&#8221;][vc_column][vc_column_text]<\/p>\n<h3>O nas<\/h3>\n<p>[\/vc_column_text][vc_empty_space][vc_column_text]<span style=\"color: black;\"><strong>DioDea<\/strong> to grupa firm zajmuj\u0105cych si\u0119 likwidacj\u0105 szk\u00f3d, dzia\u0142aj\u0105ca w 6 pa\u0144stwach cz\u0142onkowskich UE &#8211; Rumunii, Grecji, W\u0142oszech, Polsce, Niemczech i Bu\u0142garii. Firma jest zatwierdzona jako korespondent Zielonej Karty rumu\u0144skich, w\u0142oskich i greckich biur ubezpiecze\u0144 komunikacyjnych. W <strong>DioDea<\/strong> jeste\u015bmy zaanga\u017cowani w zwi\u0119kszanie wydajno\u015bci naszych klient\u00f3w w zakresie roszcze\u0144 poprzez obni\u017canie koszt\u00f3w roszcze\u0144, popraw\u0119 obs\u0142ugi klienta oraz wspieranie zgodno\u015bci i kontroli. Nasi klienci czerpi\u0105 codzienne korzy\u015bci z naszych niestandardowych rozwi\u0105za\u0144 w zakresie zarz\u0105dzania roszczeniami, wspieranych technicznie i logistycznie przez nasz\u0105 mi\u0119dzynarodow\u0105 sie\u0107 partner\u00f3w.<\/span>[\/vc_column_text][vc_empty_space height=&#8221;50px&#8221;][\/vc_column][\/vc_row]<\/p>\n<\/div>","protected":false},"excerpt":{"rendered":"<p>[vc_row css_animation=&#8221;&#8221; row_type=&#8221;row&#8221; use_row_as_full_screen_section=&#8221;no&#8221; type=&#8221;grid&#8221; angled_section=&#8221;no&#8221; text_align=&#8221;left&#8221; background_image_as_pattern=&#8221;without_pattern&#8221; z_index=&#8221;&#8221;][vc_column][vc_empty_space][\/vc_column][\/vc_row][vc_row css_animation=&#8221;&#8221; row_type=&#8221;row&#8221; use_row_as_full_screen_section=&#8221;no&#8221; type=&#8221;full_width&#8221; angled_section=&#8221;no&#8221; text_align=&#8221;left&#8221; background_image_as_pattern=&#8221;without_pattern&#8221;][vc_column][vc_column_text] O nas [\/vc_column_text][vc_empty_space][vc_column_text]DioDea to grupa firm zajmuj\u0105cych si\u0119 likwidacj\u0105 szk\u00f3d, dzia\u0142aj\u0105ca w 6 pa\u0144stwach cz\u0142onkowskich UE &#8211; Rumunii, Grecji, W\u0142oszech, Polsce, Niemczech i Bu\u0142garii. Firma jest zatwierdzona jako korespondent&#8230;<\/p>\n","protected":false},"author":1,"featured_media":0,"parent":0,"menu_order":0,"comment_status":"closed","ping_status":"closed","template":"","meta":{"footnotes":""},"class_list":["post-523","page","type-page","status-publish","hentry"],"_links":{"self":[{"href":"https:\/\/diodea.eu\/pl\/wp-json\/wp\/v2\/pages\/523","targetHints":{"allow":["GET"]}}],"collection":[{"href":"https:\/\/diodea.eu\/pl\/wp-json\/wp\/v2\/pages"}],"about":[{"href":"https:\/\/diodea.eu\/pl\/wp-json\/wp\/v2\/types\/page"}],"author":[{"embeddable":true,"href":"https:\/\/diodea.eu\/pl\/wp-json\/wp\/v2\/users\/1"}],"replies":[{"embeddable":true,"href":"https:\/\/diodea.eu\/pl\/wp-json\/wp\/v2\/comments?post=523"}],"version-history":[{"count":2,"href":"https:\/\/diodea.eu\/pl\/wp-json\/wp\/v2\/pages\/523\/revisions"}],"predecessor-version":[{"id":525,"href":"https:\/\/diodea.eu\/pl\/wp-json\/wp\/v2\/pages\/523\/revisions\/525"}],"wp:attachment":[{"href":"https:\/\/diodea.eu\/pl\/wp-json\/wp\/v2\/media?parent=523"}],"curies":[{"name":"wp","href":"https:\/\/api.w.org\/{rel}","templated":true}]}}