{"id":529,"date":"2019-12-03T14:27:27","date_gmt":"2019-12-03T12:27:27","guid":{"rendered":"https:\/\/diodea.eu\/o-nas\/dlaczego-diodea\/"},"modified":"2025-04-15T14:51:44","modified_gmt":"2025-04-15T11:51:44","slug":"dlaczego-diodea","status":"publish","type":"page","link":"https:\/\/diodea.eu\/pl\/o-nas\/dlaczego-diodea\/","title":{"rendered":"Dlaczego DioDea?"},"content":{"rendered":"<div class=\"wpb-content-wrapper\"><p>[vc_row css_animation=&#8221;&#8221; row_type=&#8221;row&#8221; use_row_as_full_screen_section=&#8221;no&#8221; type=&#8221;full_width&#8221; angled_section=&#8221;no&#8221; text_align=&#8221;left&#8221; background_image_as_pattern=&#8221;without_pattern&#8221;][vc_column]\n\t\t\t<!-- START why diodea REVOLUTION SLIDER 6.7.29 --><p class=\"rs-p-wp-fix\"><\/p>\n\t\t\t<rs-module-wrap id=\"rev_slider_8_1_wrapper\" data-source=\"gallery\" style=\"visibility:hidden;background:transparent;padding:0;margin:0px auto;margin-top:0;margin-bottom:0;\">\n\t\t\t\t<rs-module id=\"rev_slider_8_1\" style=\"\" data-version=\"6.7.29\">\n\t\t\t\t\t<rs-slides style=\"overflow: hidden; position: absolute;\">\n\t\t\t\t\t\t<rs-slide style=\"position: absolute;\" data-key=\"rs-13\" data-title=\"Slide\" data-anim=\"ms:1000;r:0;\" data-in=\"o:0;\" data-out=\"a:false;\">\n\t\t\t\t\t\t\t<img decoding=\"async\" src=\"\/\/diodea.eu\/wp-content\/plugins\/revslider\/sr6\/assets\/assets\/dummy.png\" alt=\"\" width=\"1240\" height=\"620\" class=\"rev-slidebg tp-rs-img rs-lazyload\" data-lazyload=\"\/\/diodea.eu\/wp-content\/uploads\/2019\/12\/why-diodea-1.jpg\" data-no-retina>\n<!---->\t\t\t\t\t<\/rs-slide>\n\t\t\t\t\t<\/rs-slides>\n\t\t\t\t<\/rs-module>\n\t\t\t\t<script>\n\t\t\t\t\tsetREVStartSize({c: 'rev_slider_8_1',rl:[1240,1024,778,480],el:[620],gw:[1240],gh:[620],type:'standard',justify:'',layout:'fullwidth',mh:\"0\"});if (window.RS_MODULES!==undefined && window.RS_MODULES.modules!==undefined && window.RS_MODULES.modules[\"revslider81\"]!==undefined) {window.RS_MODULES.modules[\"revslider81\"].once = false;window.revapi8 = undefined;if (window.RS_MODULES.checkMinimal!==undefined) window.RS_MODULES.checkMinimal()}\n\t\t\t\t<\/script>\n\t\t\t<\/rs-module-wrap>\n\t\t\t<!-- END REVOLUTION SLIDER -->\n[vc_empty_space][\/vc_column][\/vc_row][vc_row css_animation=&#8221;&#8221; row_type=&#8221;row&#8221; use_row_as_full_screen_section=&#8221;no&#8221; type=&#8221;full_width&#8221; angled_section=&#8221;no&#8221; text_align=&#8221;left&#8221; background_image_as_pattern=&#8221;without_pattern&#8221;][vc_column][vc_column_text]<\/p>\n<h3>Dlaczego DioDea?<\/h3>\n<p>[\/vc_column_text][vc_empty_space][vc_column_text]Sukces i ci\u0105g\u0142y rozw\u00f3j <strong>DioDea<\/strong>wynika z szerokiej wiedzy naszego m\u0142odego i zmotywowanego zespo\u0142u profesjonalist\u00f3w. Proponujemy naszym klientom i partnerom proaktywne, responsywne i efektywne kosztowo zarz\u0105dzanie roszczeniami obejmuj\u0105ce wszystkie procesy od powiadomienia o wypadku, oceny szk\u00f3d i oszacowania koszt\u00f3w naprawy po ostateczne rozliczenie roszczenia. <\/p>\n<p>&nbsp;<\/p>\n<p>Gwarantujemy pe\u0142ny krajowy zasi\u0119g sieci asesor\u00f3w w Rumunii, Grecji, W\u0142oszech, a w Bu\u0142garii za po\u015brednictwem General Insurance Company <strong>DallBogg: Life and Health Inc<\/strong> &#8211; najszybciej rozwijaj\u0105cego si\u0119 ubezpieczyciela z Ba\u0142kan\u00f3w dzia\u0142aj\u0105cego w UE.[\/vc_column_text][vc_empty_space][\/vc_column][\/vc_row]<\/p>\n<\/div>","protected":false},"excerpt":{"rendered":"<p>[vc_row css_animation=&#8221;&#8221; row_type=&#8221;row&#8221; use_row_as_full_screen_section=&#8221;no&#8221; type=&#8221;full_width&#8221; angled_section=&#8221;no&#8221; text_align=&#8221;left&#8221; background_image_as_pattern=&#8221;without_pattern&#8221;][vc_column][vc_empty_space][\/vc_column][\/vc_row][vc_row css_animation=&#8221;&#8221; row_type=&#8221;row&#8221; use_row_as_full_screen_section=&#8221;no&#8221; type=&#8221;full_width&#8221; angled_section=&#8221;no&#8221; text_align=&#8221;left&#8221; background_image_as_pattern=&#8221;without_pattern&#8221;][vc_column][vc_column_text] Dlaczego DioDea? [\/vc_column_text][vc_empty_space][vc_column_text]Sukces i ci\u0105g\u0142y rozw\u00f3j DioDeawynika z szerokiej wiedzy naszego m\u0142odego i zmotywowanego zespo\u0142u profesjonalist\u00f3w. Proponujemy naszym klientom i partnerom proaktywne, responsywne i efektywne kosztowo zarz\u0105dzanie roszczeniami obejmuj\u0105ce wszystkie&#8230;<\/p>\n","protected":false},"author":1,"featured_media":0,"parent":523,"menu_order":0,"comment_status":"closed","ping_status":"closed","template":"","meta":{"footnotes":""},"class_list":["post-529","page","type-page","status-publish","hentry"],"_links":{"self":[{"href":"https:\/\/diodea.eu\/pl\/wp-json\/wp\/v2\/pages\/529","targetHints":{"allow":["GET"]}}],"collection":[{"href":"https:\/\/diodea.eu\/pl\/wp-json\/wp\/v2\/pages"}],"about":[{"href":"https:\/\/diodea.eu\/pl\/wp-json\/wp\/v2\/types\/page"}],"author":[{"embeddable":true,"href":"https:\/\/diodea.eu\/pl\/wp-json\/wp\/v2\/users\/1"}],"replies":[{"embeddable":true,"href":"https:\/\/diodea.eu\/pl\/wp-json\/wp\/v2\/comments?post=529"}],"version-history":[{"count":2,"href":"https:\/\/diodea.eu\/pl\/wp-json\/wp\/v2\/pages\/529\/revisions"}],"predecessor-version":[{"id":531,"href":"https:\/\/diodea.eu\/pl\/wp-json\/wp\/v2\/pages\/529\/revisions\/531"}],"up":[{"embeddable":true,"href":"https:\/\/diodea.eu\/pl\/wp-json\/wp\/v2\/pages\/523"}],"wp:attachment":[{"href":"https:\/\/diodea.eu\/pl\/wp-json\/wp\/v2\/media?parent=529"}],"curies":[{"name":"wp","href":"https:\/\/api.w.org\/{rel}","templated":true}]}}