{"id":532,"date":"2019-08-05T09:19:59","date_gmt":"2019-08-05T06:19:59","guid":{"rendered":"https:\/\/diodea.eu\/rodo\/"},"modified":"2025-04-15T15:10:30","modified_gmt":"2025-04-15T12:10:30","slug":"rodo","status":"publish","type":"page","link":"https:\/\/diodea.eu\/pl\/rodo\/","title":{"rendered":"RODO"},"content":{"rendered":"<div class=\"wpb-content-wrapper\"><p>[vc_row row_type=&#8221;row&#8221; use_row_as_full_screen_section=&#8221;no&#8221; type=&#8221;full_width&#8221; angled_section=&#8221;no&#8221; text_align=&#8221;left&#8221; background_image_as_pattern=&#8221;without_pattern&#8221;][vc_column][vc_empty_space][\/vc_column][\/vc_row][vc_row row_type=&#8221;row&#8221; use_row_as_full_screen_section=&#8221;no&#8221; type=&#8221;full_width&#8221; angled_section=&#8221;no&#8221; text_align=&#8221;left&#8221; background_image_as_pattern=&#8221;without_pattern&#8221;][vc_column][vc_column_text]<\/p>\n<h3>RODO<\/h3>\n<p>[\/vc_column_text][vc_empty_space][vc_column_text]<a href=\"https:\/\/diodea.eu\/wp-content\/uploads\/2019\/08\/Awareness-notice-form-Diodea-Greece-ENG.pdf\">Formularz o\u015bwiadczenia o wyra\u017ceniu zgody na udost\u0119pnienie danych osobowych w zwi\u0105zku ze zg\u0142oszeniem szkody ENG<\/a><\/p>\n<p><a href=\"https:\/\/diodea.eu\/wp-content\/uploads\/2019\/08\/Awareness-notice-form-Diodea-Greece-GR.pdf\">Formularz o\u015bwiadczenia o wyra\u017ceniu zgody na udost\u0119pnienie danych osobowych w zwi\u0105zku ze zg\u0142oszeniem szkody GR<\/a><\/p>\n<p><a href=\"https:\/\/diodea.eu\/wp-content\/uploads\/2019\/08\/Confidentiality-notice-DioDea-Greece-ENG.pdf\">Powiadomienie o poufno\u015bci ENG<\/a><\/p>\n<p><a href=\"https:\/\/diodea.eu\/wp-content\/uploads\/2019\/08\/Confidentiality-notice-DioDea-Greece-GR.pdf\">Powiadomienie o poufno\u015bci GR<\/a><\/p>\n<p><a href=\"https:\/\/diodea.eu\/wp-content\/uploads\/2019\/12\/Informativa-privacy-GDPR-DioDea-IT.pdf\">Informativa privacy IT<\/a><\/p>\n<p><a href=\"https:\/\/diodea.eu\/wp-content\/uploads\/2019\/08\/Regulations-DioDea-Greece-ENG.pdf\">Przepisy dotycz\u0105ce praw os\u00f3b, kt\u00f3rych dane dotycz\u0105 ENG<\/a><\/p>\n<p><a href=\"https:\/\/diodea.eu\/wp-content\/uploads\/2019\/08\/Regulations-DioDea-Greece-GR.pdf\">Przepisy dotycz\u0105ce praw os\u00f3b, kt\u00f3rych dane dotycz\u0105 GR<\/a>[\/vc_column_text][vc_empty_space height=&#8221;50px&#8221;][\/vc_column][\/vc_row]<\/p>\n<\/div>","protected":false},"excerpt":{"rendered":"<p>[vc_row row_type=&#8221;row&#8221; use_row_as_full_screen_section=&#8221;no&#8221; type=&#8221;full_width&#8221; angled_section=&#8221;no&#8221; text_align=&#8221;left&#8221; background_image_as_pattern=&#8221;without_pattern&#8221;][vc_column][vc_empty_space][\/vc_column][\/vc_row][vc_row row_type=&#8221;row&#8221; use_row_as_full_screen_section=&#8221;no&#8221; type=&#8221;full_width&#8221; angled_section=&#8221;no&#8221; text_align=&#8221;left&#8221; background_image_as_pattern=&#8221;without_pattern&#8221;][vc_column][vc_column_text] RODO [\/vc_column_text][vc_empty_space][vc_column_text]Formularz o\u015bwiadczenia o wyra\u017ceniu zgody na udost\u0119pnienie danych osobowych w zwi\u0105zku ze zg\u0142oszeniem szkody ENG Formularz o\u015bwiadczenia o wyra\u017ceniu zgody na udost\u0119pnienie danych osobowych w zwi\u0105zku ze zg\u0142oszeniem szkody GR Powiadomienie&#8230;<\/p>\n","protected":false},"author":1,"featured_media":0,"parent":0,"menu_order":0,"comment_status":"closed","ping_status":"closed","template":"","meta":{"footnotes":""},"class_list":["post-532","page","type-page","status-publish","hentry"],"_links":{"self":[{"href":"https:\/\/diodea.eu\/pl\/wp-json\/wp\/v2\/pages\/532","targetHints":{"allow":["GET"]}}],"collection":[{"href":"https:\/\/diodea.eu\/pl\/wp-json\/wp\/v2\/pages"}],"about":[{"href":"https:\/\/diodea.eu\/pl\/wp-json\/wp\/v2\/types\/page"}],"author":[{"embeddable":true,"href":"https:\/\/diodea.eu\/pl\/wp-json\/wp\/v2\/users\/1"}],"replies":[{"embeddable":true,"href":"https:\/\/diodea.eu\/pl\/wp-json\/wp\/v2\/comments?post=532"}],"version-history":[{"count":2,"href":"https:\/\/diodea.eu\/pl\/wp-json\/wp\/v2\/pages\/532\/revisions"}],"predecessor-version":[{"id":534,"href":"https:\/\/diodea.eu\/pl\/wp-json\/wp\/v2\/pages\/532\/revisions\/534"}],"wp:attachment":[{"href":"https:\/\/diodea.eu\/pl\/wp-json\/wp\/v2\/media?parent=532"}],"curies":[{"name":"wp","href":"https:\/\/api.w.org\/{rel}","templated":true}]}}