{"id":535,"date":"2019-12-03T15:29:10","date_gmt":"2019-12-03T13:29:10","guid":{"rendered":"https:\/\/diodea.eu\/uslugi\/"},"modified":"2025-04-15T15:10:42","modified_gmt":"2025-04-15T12:10:42","slug":"uslugi","status":"publish","type":"page","link":"https:\/\/diodea.eu\/pl\/uslugi\/","title":{"rendered":"Us\u0142ugi"},"content":{"rendered":"<div class=\"wpb-content-wrapper\"><p>[vc_row row_type=&#8221;row&#8221; use_row_as_full_screen_section=&#8221;no&#8221; type=&#8221;full_width&#8221; angled_section=&#8221;no&#8221; text_align=&#8221;left&#8221; background_image_as_pattern=&#8221;without_pattern&#8221;][vc_column]\n\t\t\t<!-- START services REVOLUTION SLIDER 6.7.29 --><p class=\"rs-p-wp-fix\"><\/p>\n\t\t\t<rs-module-wrap id=\"rev_slider_10_1_wrapper\" data-source=\"gallery\" style=\"visibility:hidden;background:transparent;padding:0;margin:0px auto;margin-top:0;margin-bottom:0;\">\n\t\t\t\t<rs-module id=\"rev_slider_10_1\" style=\"\" data-version=\"6.7.29\">\n\t\t\t\t\t<rs-slides style=\"overflow: hidden; position: absolute;\">\n\t\t\t\t\t\t<rs-slide style=\"position: absolute;\" data-key=\"rs-15\" data-title=\"Slide\" data-anim=\"ms:1000;r:0;\" data-in=\"o:0;\" data-out=\"a:false;\">\n\t\t\t\t\t\t\t<img decoding=\"async\" src=\"\/\/diodea.eu\/wp-content\/plugins\/revslider\/sr6\/assets\/assets\/dummy.png\" alt=\"\" width=\"1240\" height=\"620\" class=\"rev-slidebg tp-rs-img rs-lazyload\" data-lazyload=\"\/\/diodea.eu\/wp-content\/uploads\/2019\/12\/services-1.jpg\" data-no-retina>\n<!---->\t\t\t\t\t<\/rs-slide>\n\t\t\t\t\t<\/rs-slides>\n\t\t\t\t<\/rs-module>\n\t\t\t\t<script>\n\t\t\t\t\tsetREVStartSize({c: 'rev_slider_10_1',rl:[1240,1024,778,480],el:[620],gw:[1240],gh:[620],type:'standard',justify:'',layout:'fullwidth',mh:\"0\"});if (window.RS_MODULES!==undefined && window.RS_MODULES.modules!==undefined && window.RS_MODULES.modules[\"revslider101\"]!==undefined) {window.RS_MODULES.modules[\"revslider101\"].once = false;window.revapi10 = undefined;if (window.RS_MODULES.checkMinimal!==undefined) window.RS_MODULES.checkMinimal()}\n\t\t\t\t<\/script>\n\t\t\t<\/rs-module-wrap>\n\t\t\t<!-- END REVOLUTION SLIDER -->\n[vc_empty_space][\/vc_column][\/vc_row][vc_row row_type=&#8221;row&#8221; use_row_as_full_screen_section=&#8221;no&#8221; type=&#8221;full_width&#8221; angled_section=&#8221;no&#8221; text_align=&#8221;left&#8221; background_image_as_pattern=&#8221;without_pattern&#8221;][vc_column][vc_column_text]<\/p>\n<h3>Us\u0142ugi<\/h3>\n<p>[\/vc_column_text][vc_empty_space][vc_column_text]DioDea zapewnia szerokie spektrum us\u0142ug maj\u0105cych na celu popraw\u0119 wydajno\u015bci obs\u0142ugi roszcze\u0144 naszych klient\u00f3w i reprezentacji firmy.[\/vc_column_text][vc_empty_space][vc_column_text]<\/p>\n<h3><a href=\"https:\/\/diodea.eu\/pl\/uslugi\/obsluga-roszczen-krajowych\/\">Obs\u0142uga roszcze\u0144 krajowych<\/a><\/h3>\n<p>&nbsp;<\/p>\n<h3><a href=\"https:\/\/diodea.eu\/pl\/uslugi\/obsluga-wnioskow-o-zielona-karte\/\">Obs\u0142uga wniosk\u00f3w o zielon\u0105 kart\u0119<\/a><\/h3>\n<p>&nbsp;<\/p>\n<h3><a href=\"https:\/\/diodea.eu\/pl\/uslugi\/obsluga-4-roszczen-z-tytulu-dyrektywy-motoryzacyjnej\/\">Obs\u0142uga 4 roszcze\u0144 z tytu\u0142u dyrektywy motoryzacyjnej<\/a><\/h3>\n<p>&nbsp;<\/p>\n<h3><a href=\"https:\/\/diodea.eu\/pl\/uslugi\/reprezentacja-podatkowa-i-prawna\/\">Reprezentacja podatkowa i prawna<\/a><\/h3>\n<p>[\/vc_column_text][vc_empty_space height=&#8221;50px&#8221;][\/vc_column][\/vc_row]<\/p>\n<\/div>","protected":false},"excerpt":{"rendered":"<p>[vc_row row_type=&#8221;row&#8221; use_row_as_full_screen_section=&#8221;no&#8221; type=&#8221;full_width&#8221; angled_section=&#8221;no&#8221; text_align=&#8221;left&#8221; background_image_as_pattern=&#8221;without_pattern&#8221;][vc_column][vc_empty_space][\/vc_column][\/vc_row][vc_row row_type=&#8221;row&#8221; use_row_as_full_screen_section=&#8221;no&#8221; type=&#8221;full_width&#8221; angled_section=&#8221;no&#8221; text_align=&#8221;left&#8221; background_image_as_pattern=&#8221;without_pattern&#8221;][vc_column][vc_column_text] Us\u0142ugi [\/vc_column_text][vc_empty_space][vc_column_text]DioDea zapewnia szerokie spektrum us\u0142ug maj\u0105cych na celu popraw\u0119 wydajno\u015bci obs\u0142ugi roszcze\u0144 naszych klient\u00f3w i reprezentacji firmy.[\/vc_column_text][vc_empty_space][vc_column_text] Obs\u0142uga roszcze\u0144 krajowych &nbsp; Obs\u0142uga wniosk\u00f3w o zielon\u0105 kart\u0119 &nbsp; Obs\u0142uga 4 roszcze\u0144 z&#8230;<\/p>\n","protected":false},"author":1,"featured_media":0,"parent":0,"menu_order":0,"comment_status":"closed","ping_status":"closed","template":"","meta":{"footnotes":""},"class_list":["post-535","page","type-page","status-publish","hentry"],"_links":{"self":[{"href":"https:\/\/diodea.eu\/pl\/wp-json\/wp\/v2\/pages\/535","targetHints":{"allow":["GET"]}}],"collection":[{"href":"https:\/\/diodea.eu\/pl\/wp-json\/wp\/v2\/pages"}],"about":[{"href":"https:\/\/diodea.eu\/pl\/wp-json\/wp\/v2\/types\/page"}],"author":[{"embeddable":true,"href":"https:\/\/diodea.eu\/pl\/wp-json\/wp\/v2\/users\/1"}],"replies":[{"embeddable":true,"href":"https:\/\/diodea.eu\/pl\/wp-json\/wp\/v2\/comments?post=535"}],"version-history":[{"count":2,"href":"https:\/\/diodea.eu\/pl\/wp-json\/wp\/v2\/pages\/535\/revisions"}],"predecessor-version":[{"id":537,"href":"https:\/\/diodea.eu\/pl\/wp-json\/wp\/v2\/pages\/535\/revisions\/537"}],"wp:attachment":[{"href":"https:\/\/diodea.eu\/pl\/wp-json\/wp\/v2\/media?parent=535"}],"curies":[{"name":"wp","href":"https:\/\/api.w.org\/{rel}","templated":true}]}}