{"id":538,"date":"2019-12-03T15:50:59","date_gmt":"2019-12-03T13:50:59","guid":{"rendered":"https:\/\/diodea.eu\/uslugi\/reprezentacja-podatkowa-i-prawna\/"},"modified":"2025-04-15T15:10:53","modified_gmt":"2025-04-15T12:10:53","slug":"reprezentacja-podatkowa-i-prawna","status":"publish","type":"page","link":"https:\/\/diodea.eu\/pl\/uslugi\/reprezentacja-podatkowa-i-prawna\/","title":{"rendered":"Reprezentacja podatkowa i prawna"},"content":{"rendered":"<div class=\"wpb-content-wrapper\"><p>[vc_row css_animation=&#8221;&#8221; row_type=&#8221;row&#8221; use_row_as_full_screen_section=&#8221;no&#8221; type=&#8221;full_width&#8221; angled_section=&#8221;no&#8221; text_align=&#8221;left&#8221; background_image_as_pattern=&#8221;without_pattern&#8221;][vc_column]\n\t\t\t<!-- START fl representation REVOLUTION SLIDER 6.7.29 --><p class=\"rs-p-wp-fix\"><\/p>\n\t\t\t<rs-module-wrap id=\"rev_slider_15_1_wrapper\" data-source=\"gallery\" style=\"visibility:hidden;background:transparent;padding:0;margin:0px auto;margin-top:0;margin-bottom:0;\">\n\t\t\t\t<rs-module id=\"rev_slider_15_1\" style=\"\" data-version=\"6.7.29\">\n\t\t\t\t\t<rs-slides style=\"overflow: hidden; position: absolute;\">\n\t\t\t\t\t\t<rs-slide style=\"position: absolute;\" data-key=\"rs-20\" data-title=\"Slide\" data-anim=\"ms:1000;r:0;\" data-in=\"o:0;\" data-out=\"a:false;\">\n\t\t\t\t\t\t\t<img decoding=\"async\" src=\"\/\/diodea.eu\/wp-content\/plugins\/revslider\/sr6\/assets\/assets\/dummy.png\" alt=\"\" width=\"1240\" height=\"620\" class=\"rev-slidebg tp-rs-img rs-lazyload\" data-lazyload=\"\/\/diodea.eu\/wp-content\/uploads\/2019\/12\/fl-representation-1.jpg\" data-no-retina>\n<!---->\t\t\t\t\t<\/rs-slide>\n\t\t\t\t\t<\/rs-slides>\n\t\t\t\t<\/rs-module>\n\t\t\t\t<script>\n\t\t\t\t\tsetREVStartSize({c: 'rev_slider_15_1',rl:[1240,1024,778,480],el:[620],gw:[1240],gh:[620],type:'standard',justify:'',layout:'fullwidth',mh:\"0\"});if (window.RS_MODULES!==undefined && window.RS_MODULES.modules!==undefined && window.RS_MODULES.modules[\"revslider151\"]!==undefined) {window.RS_MODULES.modules[\"revslider151\"].once = false;window.revapi15 = undefined;if (window.RS_MODULES.checkMinimal!==undefined) window.RS_MODULES.checkMinimal()}\n\t\t\t\t<\/script>\n\t\t\t<\/rs-module-wrap>\n\t\t\t<!-- END REVOLUTION SLIDER -->\n[vc_empty_space][\/vc_column][\/vc_row][vc_row css_animation=&#8221;&#8221; row_type=&#8221;row&#8221; use_row_as_full_screen_section=&#8221;no&#8221; type=&#8221;full_width&#8221; angled_section=&#8221;no&#8221; text_align=&#8221;left&#8221; background_image_as_pattern=&#8221;without_pattern&#8221;][vc_column][vc_column_text]<\/p>\n<h3>Reprezentacja podatkowa<\/h3>\n<p>[\/vc_column_text][vc_empty_space][vc_column_text]<strong>DioDea <\/strong>mo\u017ce dzia\u0142a\u0107 jako przedstawiciel podatkowy w Bu\u0142garii, Rumunii, Grecji i we W\u0142oszech. Obecnie DioDea jest dedykowanym punktem kontaktowym dla organ\u00f3w podatkowych i fiskalnych w imieniu kilku firm. Dzi\u0119ki naszej szerokiej sieci profesjonalist\u00f3w we wszystkich sferach finansowych i prawnych DioDea zapewnia kompleksowe us\u0142ugi doradcze w celu zabezpieczenia najlepszych interes\u00f3w Twojej firmy i ochrony Twoich praw na odpowiednich terytoriach.[\/vc_column_text][vc_empty_space][vc_column_text]<\/p>\n<h3>Reprezentacja prawna<\/h3>\n<p>[\/vc_column_text][vc_empty_space][vc_column_text]DioDea zapewnia wszelkiego rodzaju porady prawne dotycz\u0105ce r\u00f3\u017cnych sektor\u00f3w biznesowych, w tym mi\u0119dzy innymi: prawa cywilnego, prawa handlowego, prawa i regulacji ubezpieczeniowych, prawa korporacyjnego, spor\u00f3w s\u0105dowych itp. DioDea posiada 4 wyr\u00f3\u017cniaj\u0105ce si\u0119 dzia\u0142y prawne we wszystkich krajach, w kt\u00f3rych jest obecna, kt\u00f3re mog\u0105 zapewni\u0107 wysokiej jako\u015bci us\u0142ugi na poziomie \u015bwiatowym.[\/vc_column_text][vc_empty_space][\/vc_column][\/vc_row]<\/p>\n<\/div>","protected":false},"excerpt":{"rendered":"<p>[vc_row css_animation=&#8221;&#8221; row_type=&#8221;row&#8221; use_row_as_full_screen_section=&#8221;no&#8221; type=&#8221;full_width&#8221; angled_section=&#8221;no&#8221; text_align=&#8221;left&#8221; background_image_as_pattern=&#8221;without_pattern&#8221;][vc_column][vc_empty_space][\/vc_column][\/vc_row][vc_row css_animation=&#8221;&#8221; row_type=&#8221;row&#8221; use_row_as_full_screen_section=&#8221;no&#8221; type=&#8221;full_width&#8221; angled_section=&#8221;no&#8221; text_align=&#8221;left&#8221; background_image_as_pattern=&#8221;without_pattern&#8221;][vc_column][vc_column_text] Reprezentacja podatkowa [\/vc_column_text][vc_empty_space][vc_column_text]DioDea mo\u017ce dzia\u0142a\u0107 jako przedstawiciel podatkowy w Bu\u0142garii, Rumunii, Grecji i we W\u0142oszech. Obecnie DioDea jest dedykowanym punktem kontaktowym dla organ\u00f3w podatkowych i fiskalnych w imieniu kilku firm&#8230;.<\/p>\n","protected":false},"author":1,"featured_media":0,"parent":535,"menu_order":0,"comment_status":"closed","ping_status":"closed","template":"","meta":{"footnotes":""},"class_list":["post-538","page","type-page","status-publish","hentry"],"_links":{"self":[{"href":"https:\/\/diodea.eu\/pl\/wp-json\/wp\/v2\/pages\/538","targetHints":{"allow":["GET"]}}],"collection":[{"href":"https:\/\/diodea.eu\/pl\/wp-json\/wp\/v2\/pages"}],"about":[{"href":"https:\/\/diodea.eu\/pl\/wp-json\/wp\/v2\/types\/page"}],"author":[{"embeddable":true,"href":"https:\/\/diodea.eu\/pl\/wp-json\/wp\/v2\/users\/1"}],"replies":[{"embeddable":true,"href":"https:\/\/diodea.eu\/pl\/wp-json\/wp\/v2\/comments?post=538"}],"version-history":[{"count":2,"href":"https:\/\/diodea.eu\/pl\/wp-json\/wp\/v2\/pages\/538\/revisions"}],"predecessor-version":[{"id":540,"href":"https:\/\/diodea.eu\/pl\/wp-json\/wp\/v2\/pages\/538\/revisions\/540"}],"up":[{"embeddable":true,"href":"https:\/\/diodea.eu\/pl\/wp-json\/wp\/v2\/pages\/535"}],"wp:attachment":[{"href":"https:\/\/diodea.eu\/pl\/wp-json\/wp\/v2\/media?parent=538"}],"curies":[{"name":"wp","href":"https:\/\/api.w.org\/{rel}","templated":true}]}}