{"id":541,"date":"2019-12-03T15:49:26","date_gmt":"2019-12-03T13:49:26","guid":{"rendered":"https:\/\/diodea.eu\/uslugi\/obsluga-4-roszczen-z-tytulu-dyrektywy-motoryzacyjnej\/"},"modified":"2025-04-15T15:11:06","modified_gmt":"2025-04-15T12:11:06","slug":"obsluga-4-roszczen-z-tytulu-dyrektywy-motoryzacyjnej","status":"publish","type":"page","link":"https:\/\/diodea.eu\/pl\/uslugi\/obsluga-4-roszczen-z-tytulu-dyrektywy-motoryzacyjnej\/","title":{"rendered":"Obs\u0142uga 4 roszcze\u0144 z tytu\u0142u dyrektywy motoryzacyjnej"},"content":{"rendered":"<div class=\"wpb-content-wrapper\"><p>[vc_row css_animation=&#8221;&#8221; row_type=&#8221;row&#8221; use_row_as_full_screen_section=&#8221;no&#8221; type=&#8221;full_width&#8221; angled_section=&#8221;no&#8221; text_align=&#8221;left&#8221; background_image_as_pattern=&#8221;without_pattern&#8221;][vc_column]\n\t\t\t<!-- START motor directive claim REVOLUTION SLIDER 6.7.29 --><p class=\"rs-p-wp-fix\"><\/p>\n\t\t\t<rs-module-wrap id=\"rev_slider_14_1_wrapper\" data-source=\"gallery\" style=\"visibility:hidden;background:transparent;padding:0;margin:0px auto;margin-top:0;margin-bottom:0;\">\n\t\t\t\t<rs-module id=\"rev_slider_14_1\" style=\"\" data-version=\"6.7.29\">\n\t\t\t\t\t<rs-slides style=\"overflow: hidden; position: absolute;\">\n\t\t\t\t\t\t<rs-slide style=\"position: absolute;\" data-key=\"rs-19\" data-title=\"Slide\" data-anim=\"ms:1000;r:0;\" data-in=\"o:0;\" data-out=\"a:false;\">\n\t\t\t\t\t\t\t<img decoding=\"async\" src=\"\/\/diodea.eu\/wp-content\/plugins\/revslider\/sr6\/assets\/assets\/dummy.png\" alt=\"\" width=\"1240\" height=\"620\" class=\"rev-slidebg tp-rs-img rs-lazyload\" data-lazyload=\"\/\/diodea.eu\/wp-content\/uploads\/2019\/12\/motor-directive-claim-1.jpg\" data-no-retina>\n<!---->\t\t\t\t\t<\/rs-slide>\n\t\t\t\t\t<\/rs-slides>\n\t\t\t\t<\/rs-module>\n\t\t\t\t<script>\n\t\t\t\t\tsetREVStartSize({c: 'rev_slider_14_1',rl:[1240,1024,778,480],el:[620],gw:[1240],gh:[620],type:'standard',justify:'',layout:'fullwidth',mh:\"0\"});if (window.RS_MODULES!==undefined && window.RS_MODULES.modules!==undefined && window.RS_MODULES.modules[\"revslider141\"]!==undefined) {window.RS_MODULES.modules[\"revslider141\"].once = false;window.revapi14 = undefined;if (window.RS_MODULES.checkMinimal!==undefined) window.RS_MODULES.checkMinimal()}\n\t\t\t\t<\/script>\n\t\t\t<\/rs-module-wrap>\n\t\t\t<!-- END REVOLUTION SLIDER -->\n[vc_empty_space][\/vc_column][\/vc_row][vc_row css_animation=&#8221;&#8221; row_type=&#8221;row&#8221; use_row_as_full_screen_section=&#8221;no&#8221; type=&#8221;full_width&#8221; angled_section=&#8221;no&#8221; text_align=&#8221;left&#8221; background_image_as_pattern=&#8221;without_pattern&#8221;][vc_column][vc_column_text]<\/p>\n<h3>Obs\u0142uga 4 roszcze\u0144 z tytu\u0142u dyrektywy motoryzacyjnej<\/h3>\n<p>[\/vc_column_text][vc_empty_space][vc_column_text]Obs\u0142uga roszczenia, kt\u00f3re mia\u0142o miejsce w obcym kraju, z punktu widzenia poszkodowanego i niewinnej strony. Po powrocie do kraju, w kt\u00f3rym ma miejsce zwyk\u0142ego pobytu, poszkodowany mo\u017ce z\u0142o\u017cy\u0107 wniosek o odszkodowanie do przedstawiciela 4 Dyrektywy Motoryzacyjnej ubezpieczyciela w danym kraju. <\/p>\n<p>&nbsp;<\/p>\n<p><em>Przyk\u0142ad:<\/em> Wypadek ma miejsce w Bu\u0142garii mi\u0119dzy w\u0142oskim pojazdem i\/lub osob\u0105 fizyczn\u0105, kt\u00f3ra ma miejsce zwyk\u0142ego pobytu we W\u0142oszech, a bu\u0142garskim pojazdem, kt\u00f3ry jest stron\u0105 winn\u0105 wypadku.[\/vc_column_text][vc_empty_space][\/vc_column][\/vc_row]<\/p>\n<\/div>","protected":false},"excerpt":{"rendered":"<p>[vc_row css_animation=&#8221;&#8221; row_type=&#8221;row&#8221; use_row_as_full_screen_section=&#8221;no&#8221; type=&#8221;full_width&#8221; angled_section=&#8221;no&#8221; text_align=&#8221;left&#8221; background_image_as_pattern=&#8221;without_pattern&#8221;][vc_column][vc_empty_space][\/vc_column][\/vc_row][vc_row css_animation=&#8221;&#8221; row_type=&#8221;row&#8221; use_row_as_full_screen_section=&#8221;no&#8221; type=&#8221;full_width&#8221; angled_section=&#8221;no&#8221; text_align=&#8221;left&#8221; background_image_as_pattern=&#8221;without_pattern&#8221;][vc_column][vc_column_text] Obs\u0142uga 4 roszcze\u0144 z tytu\u0142u dyrektywy motoryzacyjnej [\/vc_column_text][vc_empty_space][vc_column_text]Obs\u0142uga roszczenia, kt\u00f3re mia\u0142o miejsce w obcym kraju, z punktu widzenia poszkodowanego i niewinnej strony. Po powrocie do kraju, w kt\u00f3rym ma miejsce&#8230;<\/p>\n","protected":false},"author":1,"featured_media":0,"parent":535,"menu_order":0,"comment_status":"closed","ping_status":"closed","template":"","meta":{"footnotes":""},"class_list":["post-541","page","type-page","status-publish","hentry"],"_links":{"self":[{"href":"https:\/\/diodea.eu\/pl\/wp-json\/wp\/v2\/pages\/541","targetHints":{"allow":["GET"]}}],"collection":[{"href":"https:\/\/diodea.eu\/pl\/wp-json\/wp\/v2\/pages"}],"about":[{"href":"https:\/\/diodea.eu\/pl\/wp-json\/wp\/v2\/types\/page"}],"author":[{"embeddable":true,"href":"https:\/\/diodea.eu\/pl\/wp-json\/wp\/v2\/users\/1"}],"replies":[{"embeddable":true,"href":"https:\/\/diodea.eu\/pl\/wp-json\/wp\/v2\/comments?post=541"}],"version-history":[{"count":2,"href":"https:\/\/diodea.eu\/pl\/wp-json\/wp\/v2\/pages\/541\/revisions"}],"predecessor-version":[{"id":543,"href":"https:\/\/diodea.eu\/pl\/wp-json\/wp\/v2\/pages\/541\/revisions\/543"}],"up":[{"embeddable":true,"href":"https:\/\/diodea.eu\/pl\/wp-json\/wp\/v2\/pages\/535"}],"wp:attachment":[{"href":"https:\/\/diodea.eu\/pl\/wp-json\/wp\/v2\/media?parent=541"}],"curies":[{"name":"wp","href":"https:\/\/api.w.org\/{rel}","templated":true}]}}