{"id":547,"date":"2019-12-05T08:34:59","date_gmt":"2019-12-05T06:34:59","guid":{"rendered":"https:\/\/diodea.eu\/ostrzezenie-o-oszustwie\/"},"modified":"2025-04-15T15:12:12","modified_gmt":"2025-04-15T12:12:12","slug":"ostrzezenie-o-oszustwie","status":"publish","type":"page","link":"https:\/\/diodea.eu\/pl\/ostrzezenie-o-oszustwie\/","title":{"rendered":"Ostrze\u017cenie o oszustwie"},"content":{"rendered":"<div class=\"wpb-content-wrapper\"><p>[vc_row row_type=&#8221;row&#8221; use_row_as_full_screen_section=&#8221;no&#8221; type=&#8221;full_width&#8221; angled_section=&#8221;no&#8221; text_align=&#8221;left&#8221; background_image_as_pattern=&#8221;without_pattern&#8221;][vc_column]\n\t\t\t<!-- START fraud alert REVOLUTION SLIDER 6.7.29 --><p class=\"rs-p-wp-fix\"><\/p>\n\t\t\t<rs-module-wrap id=\"rev_slider_16_1_wrapper\" data-source=\"gallery\" style=\"visibility:hidden;background:transparent;padding:0;margin:0px auto;margin-top:0;margin-bottom:0;\">\n\t\t\t\t<rs-module id=\"rev_slider_16_1\" style=\"\" data-version=\"6.7.29\">\n\t\t\t\t\t<rs-slides style=\"overflow: hidden; position: absolute;\">\n\t\t\t\t\t\t<rs-slide style=\"position: absolute;\" data-key=\"rs-21\" data-title=\"Slide\" data-anim=\"ms:1000;r:0;\" data-in=\"o:0;\" data-out=\"a:false;\">\n\t\t\t\t\t\t\t<img decoding=\"async\" src=\"\/\/diodea.eu\/wp-content\/plugins\/revslider\/sr6\/assets\/assets\/dummy.png\" alt=\"\" width=\"1240\" height=\"620\" class=\"rev-slidebg tp-rs-img rs-lazyload\" data-lazyload=\"\/\/diodea.eu\/wp-content\/uploads\/2019\/12\/fraud-alert-1.jpg\" data-no-retina>\n<!---->\t\t\t\t\t<\/rs-slide>\n\t\t\t\t\t<\/rs-slides>\n\t\t\t\t<\/rs-module>\n\t\t\t\t<script>\n\t\t\t\t\tsetREVStartSize({c: 'rev_slider_16_1',rl:[1240,1024,778,480],el:[620],gw:[1240],gh:[620],type:'standard',justify:'',layout:'fullwidth',mh:\"0\"});if (window.RS_MODULES!==undefined && window.RS_MODULES.modules!==undefined && window.RS_MODULES.modules[\"revslider161\"]!==undefined) {window.RS_MODULES.modules[\"revslider161\"].once = false;window.revapi16 = undefined;if (window.RS_MODULES.checkMinimal!==undefined) window.RS_MODULES.checkMinimal()}\n\t\t\t\t<\/script>\n\t\t\t<\/rs-module-wrap>\n\t\t\t<!-- END REVOLUTION SLIDER -->\n[vc_empty_space][\/vc_column][\/vc_row][vc_row row_type=&#8221;row&#8221; use_row_as_full_screen_section=&#8221;no&#8221; type=&#8221;full_width&#8221; angled_section=&#8221;no&#8221; text_align=&#8221;left&#8221; background_image_as_pattern=&#8221;without_pattern&#8221;][vc_column][vc_column_text]<\/p>\n<h3>Ostrze\u017cenie o oszustwie<\/h3>\n<p>[\/vc_column_text][vc_empty_space][vc_column_text]DioDea bardzo powa\u017cnie traktuje wszelkie oznaki nieuczciwej dzia\u0142alno\u015bci. Dzi\u0119ki naszym do\u015bwiadczonym zespo\u0142om ds. zwalczania nadu\u017cy\u0107 finansowych aktywnie staramy si\u0119 identyfikowa\u0107 i zapobiega\u0107 przypadkom niezgodnego z prawem i nieuczciwego post\u0119powania. <\/p>\n<p>&nbsp;<\/p>\n<p>W przypadku podejrzenia oszustwa prosimy o kontakt pod adresem <a href=\"mailto:office@diodea.eu\">office@diodea.eu.<\/a>[\/vc_column_text][vc_empty_space height=&#8221;50px&#8221;][\/vc_column][\/vc_row]<\/p>\n<\/div>","protected":false},"excerpt":{"rendered":"<p>[vc_row row_type=&#8221;row&#8221; use_row_as_full_screen_section=&#8221;no&#8221; type=&#8221;full_width&#8221; angled_section=&#8221;no&#8221; text_align=&#8221;left&#8221; background_image_as_pattern=&#8221;without_pattern&#8221;][vc_column][vc_empty_space][\/vc_column][\/vc_row][vc_row row_type=&#8221;row&#8221; use_row_as_full_screen_section=&#8221;no&#8221; type=&#8221;full_width&#8221; angled_section=&#8221;no&#8221; text_align=&#8221;left&#8221; background_image_as_pattern=&#8221;without_pattern&#8221;][vc_column][vc_column_text] Ostrze\u017cenie o oszustwie [\/vc_column_text][vc_empty_space][vc_column_text]DioDea bardzo powa\u017cnie traktuje wszelkie oznaki nieuczciwej dzia\u0142alno\u015bci. Dzi\u0119ki naszym do\u015bwiadczonym zespo\u0142om ds. zwalczania nadu\u017cy\u0107 finansowych aktywnie staramy si\u0119 identyfikowa\u0107 i zapobiega\u0107 przypadkom niezgodnego z prawem i nieuczciwego post\u0119powania&#8230;.<\/p>\n","protected":false},"author":1,"featured_media":0,"parent":0,"menu_order":0,"comment_status":"closed","ping_status":"closed","template":"","meta":{"footnotes":""},"class_list":["post-547","page","type-page","status-publish","hentry"],"_links":{"self":[{"href":"https:\/\/diodea.eu\/pl\/wp-json\/wp\/v2\/pages\/547","targetHints":{"allow":["GET"]}}],"collection":[{"href":"https:\/\/diodea.eu\/pl\/wp-json\/wp\/v2\/pages"}],"about":[{"href":"https:\/\/diodea.eu\/pl\/wp-json\/wp\/v2\/types\/page"}],"author":[{"embeddable":true,"href":"https:\/\/diodea.eu\/pl\/wp-json\/wp\/v2\/users\/1"}],"replies":[{"embeddable":true,"href":"https:\/\/diodea.eu\/pl\/wp-json\/wp\/v2\/comments?post=547"}],"version-history":[{"count":6,"href":"https:\/\/diodea.eu\/pl\/wp-json\/wp\/v2\/pages\/547\/revisions"}],"predecessor-version":[{"id":556,"href":"https:\/\/diodea.eu\/pl\/wp-json\/wp\/v2\/pages\/547\/revisions\/556"}],"wp:attachment":[{"href":"https:\/\/diodea.eu\/pl\/wp-json\/wp\/v2\/media?parent=547"}],"curies":[{"name":"wp","href":"https:\/\/api.w.org\/{rel}","templated":true}]}}