{"id":554,"date":"2019-12-03T15:43:55","date_gmt":"2019-12-03T13:43:55","guid":{"rendered":"https:\/\/diodea.eu\/uslugi\/obsluga-wnioskow-o-zielona-karte\/"},"modified":"2025-04-15T15:12:12","modified_gmt":"2025-04-15T12:12:12","slug":"obsluga-wnioskow-o-zielona-karte","status":"publish","type":"page","link":"https:\/\/diodea.eu\/pl\/uslugi\/obsluga-wnioskow-o-zielona-karte\/","title":{"rendered":"Obs\u0142uga wniosk\u00f3w o zielon\u0105 kart\u0119"},"content":{"rendered":"<div class=\"wpb-content-wrapper\"><p>[vc_row css_animation=&#8221;&#8221; row_type=&#8221;row&#8221; use_row_as_full_screen_section=&#8221;no&#8221; type=&#8221;full_width&#8221; angled_section=&#8221;no&#8221; text_align=&#8221;left&#8221; background_image_as_pattern=&#8221;without_pattern&#8221;][vc_column]\n\t\t\t<!-- START green card claim REVOLUTION SLIDER 6.7.29 --><p class=\"rs-p-wp-fix\"><\/p>\n\t\t\t<rs-module-wrap id=\"rev_slider_13_1_wrapper\" data-source=\"gallery\" style=\"visibility:hidden;background:transparent;padding:0;margin:0px auto;margin-top:0;margin-bottom:0;\">\n\t\t\t\t<rs-module id=\"rev_slider_13_1\" style=\"\" data-version=\"6.7.29\">\n\t\t\t\t\t<rs-slides style=\"overflow: hidden; position: absolute;\">\n\t\t\t\t\t\t<rs-slide style=\"position: absolute;\" data-key=\"rs-18\" data-title=\"Slide\" data-anim=\"ms:1000;r:0;\" data-in=\"o:0;\" data-out=\"a:false;\">\n\t\t\t\t\t\t\t<img decoding=\"async\" src=\"\/\/diodea.eu\/wp-content\/plugins\/revslider\/sr6\/assets\/assets\/dummy.png\" alt=\"\" width=\"1240\" height=\"620\" class=\"rev-slidebg tp-rs-img rs-lazyload\" data-lazyload=\"\/\/diodea.eu\/wp-content\/uploads\/2019\/12\/green-card-claim-1.jpg\" data-no-retina>\n<!---->\t\t\t\t\t<\/rs-slide>\n\t\t\t\t\t<\/rs-slides>\n\t\t\t\t<\/rs-module>\n\t\t\t\t<script>\n\t\t\t\t\tsetREVStartSize({c: 'rev_slider_13_1',rl:[1240,1024,778,480],el:[620],gw:[1240],gh:[620],type:'standard',justify:'',layout:'fullwidth',mh:\"0\"});if (window.RS_MODULES!==undefined && window.RS_MODULES.modules!==undefined && window.RS_MODULES.modules[\"revslider131\"]!==undefined) {window.RS_MODULES.modules[\"revslider131\"].once = false;window.revapi13 = undefined;if (window.RS_MODULES.checkMinimal!==undefined) window.RS_MODULES.checkMinimal()}\n\t\t\t\t<\/script>\n\t\t\t<\/rs-module-wrap>\n\t\t\t<!-- END REVOLUTION SLIDER -->\n[vc_empty_space][\/vc_column][\/vc_row][vc_row css_animation=&#8221;&#8221; row_type=&#8221;row&#8221; use_row_as_full_screen_section=&#8221;no&#8221; type=&#8221;full_width&#8221; angled_section=&#8221;no&#8221; text_align=&#8221;left&#8221; background_image_as_pattern=&#8221;without_pattern&#8221;][vc_column][vc_column_text]<\/p>\n<h3>Obs\u0142uga wniosk\u00f3w o zielon\u0105 kart\u0119<\/h3>\n<p>[\/vc_column_text][vc_empty_space][vc_column_text]Rozpatrywanie roszcze\u0144 zwi\u0105zanych z wypadkiem, kt\u00f3ry mia\u0142 miejsce w kraju, w kt\u00f3rym poszkodowany i niewinna strona maj\u0105 miejsce zwyk\u0142ego pobytu, podczas gdy pojazd winnego kierowcy jest zarejestrowany w innym obcym kraju. Strona poszkodowana mo\u017ce otworzy\u0107 plik roszczenia o odszkodowanie do korespondenta Zielonej Karty ubezpieczyciela w danym kraju.<\/p>\n<p>&nbsp;<\/p>\n<p><em>Przyk\u0142ad<\/em>: Wypadek ma miejsce we W\u0142oszech mi\u0119dzy pojazdem z w\u0142oskimi numerami rejestracyjnymi i\/lub osob\u0105 fizyczn\u0105, kt\u00f3ra ma miejsce zwyk\u0142ego pobytu we W\u0142oszech, a pojazdem z bu\u0142garskimi numerami rejestracyjnymi, kt\u00f3ry jest winny wypadku.<\/p>\n<p>&nbsp;<\/p>\n<p><strong>DioDea<\/strong> jest obecnie upowa\u017cniona do dzia\u0142ania jako korespondent Zielonej Karty w imieniu biur ubezpiecze\u0144 komunikacyjnych w Rumunii<a href=\"https:\/\/www.baar.ro\/\">(www.baar.ro)<\/a>, W\u0142oszech<a href=\"https:\/\/ucimi.it\/\">(www.ucimi.it)<\/a> i Grecji<a href=\"http:\/\/www.mib-hellas.gr\">(www.mib-hellas.gr)<\/a>.[\/vc_column_text][vc_empty_space][\/vc_column][\/vc_row]<\/p>\n<\/div>","protected":false},"excerpt":{"rendered":"<p>[vc_row css_animation=&#8221;&#8221; row_type=&#8221;row&#8221; use_row_as_full_screen_section=&#8221;no&#8221; type=&#8221;full_width&#8221; angled_section=&#8221;no&#8221; text_align=&#8221;left&#8221; background_image_as_pattern=&#8221;without_pattern&#8221;][vc_column][vc_empty_space][\/vc_column][\/vc_row][vc_row css_animation=&#8221;&#8221; row_type=&#8221;row&#8221; use_row_as_full_screen_section=&#8221;no&#8221; type=&#8221;full_width&#8221; angled_section=&#8221;no&#8221; text_align=&#8221;left&#8221; background_image_as_pattern=&#8221;without_pattern&#8221;][vc_column][vc_column_text] Obs\u0142uga wniosk\u00f3w o zielon\u0105 kart\u0119 [\/vc_column_text][vc_empty_space][vc_column_text]Rozpatrywanie roszcze\u0144 zwi\u0105zanych z wypadkiem, kt\u00f3ry mia\u0142 miejsce w kraju, w kt\u00f3rym poszkodowany i niewinna strona maj\u0105 miejsce zwyk\u0142ego pobytu, podczas gdy pojazd winnego kierowcy&#8230;<\/p>\n","protected":false},"author":1,"featured_media":0,"parent":535,"menu_order":0,"comment_status":"closed","ping_status":"closed","template":"","meta":{"footnotes":""},"class_list":["post-554","page","type-page","status-publish","hentry"],"_links":{"self":[{"href":"https:\/\/diodea.eu\/pl\/wp-json\/wp\/v2\/pages\/554","targetHints":{"allow":["GET"]}}],"collection":[{"href":"https:\/\/diodea.eu\/pl\/wp-json\/wp\/v2\/pages"}],"about":[{"href":"https:\/\/diodea.eu\/pl\/wp-json\/wp\/v2\/types\/page"}],"author":[{"embeddable":true,"href":"https:\/\/diodea.eu\/pl\/wp-json\/wp\/v2\/users\/1"}],"replies":[{"embeddable":true,"href":"https:\/\/diodea.eu\/pl\/wp-json\/wp\/v2\/comments?post=554"}],"version-history":[{"count":1,"href":"https:\/\/diodea.eu\/pl\/wp-json\/wp\/v2\/pages\/554\/revisions"}],"predecessor-version":[{"id":557,"href":"https:\/\/diodea.eu\/pl\/wp-json\/wp\/v2\/pages\/554\/revisions\/557"}],"up":[{"embeddable":true,"href":"https:\/\/diodea.eu\/pl\/wp-json\/wp\/v2\/pages\/535"}],"wp:attachment":[{"href":"https:\/\/diodea.eu\/pl\/wp-json\/wp\/v2\/media?parent=554"}],"curies":[{"name":"wp","href":"https:\/\/api.w.org\/{rel}","templated":true}]}}