{"id":489,"date":"2019-12-03T14:23:42","date_gmt":"2019-12-03T12:23:42","guid":{"rendered":"https:\/\/diodea.eu\/despre-noi\/"},"modified":"2025-04-15T14:48:54","modified_gmt":"2025-04-15T11:48:54","slug":"despre-noi","status":"publish","type":"page","link":"https:\/\/diodea.eu\/ro\/","title":{"rendered":"Despre noi"},"content":{"rendered":"<div class=\"wpb-content-wrapper\"><p>[vc_row css_animation=&#8221;&#8221; row_type=&#8221;row&#8221; use_row_as_full_screen_section=&#8221;no&#8221; type=&#8221;grid&#8221; angled_section=&#8221;no&#8221; text_align=&#8221;left&#8221; background_image_as_pattern=&#8221;without_pattern&#8221; z_index=&#8221;&#8221;][vc_column]\n\t\t\t<!-- START about us REVOLUTION SLIDER 6.7.29 --><p class=\"rs-p-wp-fix\"><\/p>\n\t\t\t<rs-module-wrap id=\"rev_slider_7_1_wrapper\" data-source=\"gallery\" style=\"visibility:hidden;background:transparent;padding:0;margin:0px auto;margin-top:0;margin-bottom:0;\">\n\t\t\t\t<rs-module id=\"rev_slider_7_1\" style=\"\" data-version=\"6.7.29\">\n\t\t\t\t\t<rs-slides style=\"overflow: hidden; position: absolute;\">\n\t\t\t\t\t\t<rs-slide style=\"position: absolute;\" data-key=\"rs-11\" data-title=\"Slide\" data-anim=\"ms:1000;r:0;\" data-in=\"o:0;\" data-out=\"a:false;\">\n\t\t\t\t\t\t\t<img decoding=\"async\" src=\"\/\/diodea.eu\/wp-content\/plugins\/revslider\/sr6\/assets\/assets\/dummy.png\" alt=\"\" width=\"1240\" height=\"620\" class=\"rev-slidebg tp-rs-img rs-lazyload\" data-lazyload=\"\/\/diodea.eu\/wp-content\/uploads\/2019\/12\/about-us-1.jpg\" data-no-retina>\n<!---->\t\t\t\t\t<\/rs-slide>\n\t\t\t\t\t<\/rs-slides>\n\t\t\t\t<\/rs-module>\n\t\t\t\t<script>\n\t\t\t\t\tsetREVStartSize({c: 'rev_slider_7_1',rl:[1240,1024,778,480],el:[620],gw:[1240],gh:[620],type:'standard',justify:'',layout:'fullwidth',mh:\"0\"});if (window.RS_MODULES!==undefined && window.RS_MODULES.modules!==undefined && window.RS_MODULES.modules[\"revslider71\"]!==undefined) {window.RS_MODULES.modules[\"revslider71\"].once = false;window.revapi7 = undefined;if (window.RS_MODULES.checkMinimal!==undefined) window.RS_MODULES.checkMinimal()}\n\t\t\t\t<\/script>\n\t\t\t<\/rs-module-wrap>\n\t\t\t<!-- END REVOLUTION SLIDER -->\n[vc_empty_space][\/vc_column][\/vc_row][vc_row css_animation=&#8221;&#8221; row_type=&#8221;row&#8221; use_row_as_full_screen_section=&#8221;no&#8221; type=&#8221;full_width&#8221; angled_section=&#8221;no&#8221; text_align=&#8221;left&#8221; background_image_as_pattern=&#8221;without_pattern&#8221;][vc_column][vc_column_text]<\/p>\n<h3>Despre noi<\/h3>\n<p>[\/vc_column_text][vc_empty_space][vc_column_text]<span style=\"color: black;\"><strong>DioDea<\/strong> este un grup de companii de solu\u021bionare a cererilor de desp\u0103gubire care opereaz\u0103 \u00een 6 state membre ale UE &#8211; Rom\u00e2nia, Grecia, Italia, Polonia, Germania \u0219i Bulgaria. Compania este autorizat\u0103 ca corespondent Carte Verde al Birourilor de Asigur\u0103ri Auto din Rom\u00e2nia, Italia \u0219i Grecia. La <strong>DioDea<\/strong> ne angaj\u0103m s\u0103 cre\u0219tem performan\u021ba clien\u021bilor no\u0219tri \u00een domeniul desp\u0103gubirilor prin reducerea costurilor de desp\u0103gubire, \u00eembun\u0103t\u0103\u021birea experien\u021bei clien\u021bilor \u0219i sprijinirea conformit\u0103\u021bii \u0219i controlului. Clien\u021bii no\u0219tri se bucur\u0103 de beneficiile zilnice ale solu\u021biilor noastre personalizate de gestionare a cererilor de desp\u0103gubire, sus\u021binute tehnic \u0219i logistic de re\u021beaua noastr\u0103 interna\u021bional\u0103 de parteneri.<\/span>[\/vc_column_text][vc_empty_space height=&#8221;50px&#8221;][\/vc_column][\/vc_row]<\/p>\n<\/div>","protected":false},"excerpt":{"rendered":"<p>[vc_row css_animation=&#8221;&#8221; row_type=&#8221;row&#8221; use_row_as_full_screen_section=&#8221;no&#8221; type=&#8221;grid&#8221; angled_section=&#8221;no&#8221; text_align=&#8221;left&#8221; background_image_as_pattern=&#8221;without_pattern&#8221; z_index=&#8221;&#8221;][vc_column][vc_empty_space][\/vc_column][\/vc_row][vc_row css_animation=&#8221;&#8221; row_type=&#8221;row&#8221; use_row_as_full_screen_section=&#8221;no&#8221; type=&#8221;full_width&#8221; angled_section=&#8221;no&#8221; text_align=&#8221;left&#8221; background_image_as_pattern=&#8221;without_pattern&#8221;][vc_column][vc_column_text] Despre noi [\/vc_column_text][vc_empty_space][vc_column_text]DioDea este un grup de companii de solu\u021bionare a cererilor de desp\u0103gubire care opereaz\u0103 \u00een 6 state membre ale UE &#8211; Rom\u00e2nia, Grecia, Italia, Polonia, Germania \u0219i&#8230;<\/p>\n","protected":false},"author":1,"featured_media":0,"parent":0,"menu_order":0,"comment_status":"closed","ping_status":"closed","template":"","meta":{"footnotes":""},"class_list":["post-489","page","type-page","status-publish","hentry"],"_links":{"self":[{"href":"https:\/\/diodea.eu\/ro\/wp-json\/wp\/v2\/pages\/489","targetHints":{"allow":["GET"]}}],"collection":[{"href":"https:\/\/diodea.eu\/ro\/wp-json\/wp\/v2\/pages"}],"about":[{"href":"https:\/\/diodea.eu\/ro\/wp-json\/wp\/v2\/types\/page"}],"author":[{"embeddable":true,"href":"https:\/\/diodea.eu\/ro\/wp-json\/wp\/v2\/users\/1"}],"replies":[{"embeddable":true,"href":"https:\/\/diodea.eu\/ro\/wp-json\/wp\/v2\/comments?post=489"}],"version-history":[{"count":2,"href":"https:\/\/diodea.eu\/ro\/wp-json\/wp\/v2\/pages\/489\/revisions"}],"predecessor-version":[{"id":491,"href":"https:\/\/diodea.eu\/ro\/wp-json\/wp\/v2\/pages\/489\/revisions\/491"}],"wp:attachment":[{"href":"https:\/\/diodea.eu\/ro\/wp-json\/wp\/v2\/media?parent=489"}],"curies":[{"name":"wp","href":"https:\/\/api.w.org\/{rel}","templated":true}]}}