{"id":495,"date":"2019-12-03T14:27:27","date_gmt":"2019-12-03T12:27:27","guid":{"rendered":"https:\/\/diodea.eu\/despre-noi\/de-ce-diodea\/"},"modified":"2025-04-23T17:05:43","modified_gmt":"2025-04-23T14:05:43","slug":"de-ce-diodea","status":"publish","type":"page","link":"https:\/\/diodea.eu\/ro\/despre-noi\/de-ce-diodea\/","title":{"rendered":"De ce DioDea?"},"content":{"rendered":"<div class=\"wpb-content-wrapper\"><p>[vc_row css_animation=&#8221;&#8221; row_type=&#8221;row&#8221; use_row_as_full_screen_section=&#8221;no&#8221; type=&#8221;full_width&#8221; angled_section=&#8221;no&#8221; text_align=&#8221;left&#8221; background_image_as_pattern=&#8221;without_pattern&#8221;][vc_column]\n\t\t\t<!-- START why diodea REVOLUTION SLIDER 6.7.29 --><p class=\"rs-p-wp-fix\"><\/p>\n\t\t\t<rs-module-wrap id=\"rev_slider_8_1_wrapper\" data-source=\"gallery\" style=\"visibility:hidden;background:transparent;padding:0;margin:0px auto;margin-top:0;margin-bottom:0;\">\n\t\t\t\t<rs-module id=\"rev_slider_8_1\" style=\"\" data-version=\"6.7.29\">\n\t\t\t\t\t<rs-slides style=\"overflow: hidden; position: absolute;\">\n\t\t\t\t\t\t<rs-slide style=\"position: absolute;\" data-key=\"rs-13\" data-title=\"Slide\" data-anim=\"ms:1000;r:0;\" data-in=\"o:0;\" data-out=\"a:false;\">\n\t\t\t\t\t\t\t<img decoding=\"async\" src=\"\/\/diodea.eu\/wp-content\/plugins\/revslider\/sr6\/assets\/assets\/dummy.png\" alt=\"\" width=\"1240\" height=\"620\" class=\"rev-slidebg tp-rs-img rs-lazyload\" data-lazyload=\"\/\/diodea.eu\/wp-content\/uploads\/2019\/12\/why-diodea-1.jpg\" data-no-retina>\n<!---->\t\t\t\t\t<\/rs-slide>\n\t\t\t\t\t<\/rs-slides>\n\t\t\t\t<\/rs-module>\n\t\t\t\t<script>\n\t\t\t\t\tsetREVStartSize({c: 'rev_slider_8_1',rl:[1240,1024,778,480],el:[620],gw:[1240],gh:[620],type:'standard',justify:'',layout:'fullwidth',mh:\"0\"});if (window.RS_MODULES!==undefined && window.RS_MODULES.modules!==undefined && window.RS_MODULES.modules[\"revslider81\"]!==undefined) {window.RS_MODULES.modules[\"revslider81\"].once = false;window.revapi8 = undefined;if (window.RS_MODULES.checkMinimal!==undefined) window.RS_MODULES.checkMinimal()}\n\t\t\t\t<\/script>\n\t\t\t<\/rs-module-wrap>\n\t\t\t<!-- END REVOLUTION SLIDER -->\n[vc_empty_space][\/vc_column][\/vc_row][vc_row css_animation=&#8221;&#8221; row_type=&#8221;row&#8221; use_row_as_full_screen_section=&#8221;no&#8221; type=&#8221;full_width&#8221; angled_section=&#8221;no&#8221; text_align=&#8221;left&#8221; background_image_as_pattern=&#8221;without_pattern&#8221;][vc_column][vc_column_text]<\/p>\n<h3>De ce DioDea?<\/h3>\n<p>[\/vc_column_text][vc_empty_space][vc_column_text css=&#8221;&#8221;]Succesul \u0219i cre\u0219terea continu\u0103 a <strong>DioDea <\/strong>rezult\u0103 din expertiza vast\u0103 a echipei noastre tinere \u0219i motivate de profesioni\u0219ti. Propunem clien\u021bilor \u0219i partenerilor no\u0219tri o gestionare proactiv\u0103, receptiv\u0103 \u0219i rentabil\u0103 a cererilor de desp\u0103gubire, cuprinz\u00e2nd toate procesele de la notificarea accidentului, evaluarea daunelor \u0219i estimarea costurilor de repara\u021bie p\u00e2n\u0103 la solu\u021bionarea final\u0103 a cererii de desp\u0103gubire.<\/p>\n<p>&nbsp;<\/p>\n<p>Garant\u0103m o acoperire na\u021bional\u0103 complet\u0103 a re\u021belei de evaluatori \u00een Rom\u00e2nia, Grecia, Italia \u0219i, \u00een Bulgaria, prin intermediul companiei de asigur\u0103ri generale <strong>DallBogg: Life and Health Inc.<\/strong> &#8211; asigur\u0103torul cu cea mai rapid\u0103 cre\u0219tere din Balcani care opereaz\u0103 \u00een UE.[\/vc_column_text][vc_empty_space][\/vc_column][\/vc_row]<\/p>\n<\/div>","protected":false},"excerpt":{"rendered":"<p>[vc_row css_animation=&#8221;&#8221; row_type=&#8221;row&#8221; use_row_as_full_screen_section=&#8221;no&#8221; type=&#8221;full_width&#8221; angled_section=&#8221;no&#8221; text_align=&#8221;left&#8221; background_image_as_pattern=&#8221;without_pattern&#8221;][vc_column][vc_empty_space][\/vc_column][\/vc_row][vc_row css_animation=&#8221;&#8221; row_type=&#8221;row&#8221; use_row_as_full_screen_section=&#8221;no&#8221; type=&#8221;full_width&#8221; angled_section=&#8221;no&#8221; text_align=&#8221;left&#8221; background_image_as_pattern=&#8221;without_pattern&#8221;][vc_column][vc_column_text] De ce DioDea? [\/vc_column_text][vc_empty_space][vc_column_text css=&#8221;&#8221;]Succesul \u0219i cre\u0219terea continu\u0103 a DioDea rezult\u0103 din expertiza vast\u0103 a echipei noastre tinere \u0219i motivate de profesioni\u0219ti. Propunem clien\u021bilor \u0219i partenerilor no\u0219tri o gestionare proactiv\u0103,&#8230;<\/p>\n","protected":false},"author":1,"featured_media":0,"parent":489,"menu_order":0,"comment_status":"closed","ping_status":"closed","template":"","meta":{"footnotes":""},"class_list":["post-495","page","type-page","status-publish","hentry"],"_links":{"self":[{"href":"https:\/\/diodea.eu\/ro\/wp-json\/wp\/v2\/pages\/495","targetHints":{"allow":["GET"]}}],"collection":[{"href":"https:\/\/diodea.eu\/ro\/wp-json\/wp\/v2\/pages"}],"about":[{"href":"https:\/\/diodea.eu\/ro\/wp-json\/wp\/v2\/types\/page"}],"author":[{"embeddable":true,"href":"https:\/\/diodea.eu\/ro\/wp-json\/wp\/v2\/users\/1"}],"replies":[{"embeddable":true,"href":"https:\/\/diodea.eu\/ro\/wp-json\/wp\/v2\/comments?post=495"}],"version-history":[{"count":3,"href":"https:\/\/diodea.eu\/ro\/wp-json\/wp\/v2\/pages\/495\/revisions"}],"predecessor-version":[{"id":635,"href":"https:\/\/diodea.eu\/ro\/wp-json\/wp\/v2\/pages\/495\/revisions\/635"}],"up":[{"embeddable":true,"href":"https:\/\/diodea.eu\/ro\/wp-json\/wp\/v2\/pages\/489"}],"wp:attachment":[{"href":"https:\/\/diodea.eu\/ro\/wp-json\/wp\/v2\/media?parent=495"}],"curies":[{"name":"wp","href":"https:\/\/api.w.org\/{rel}","templated":true}]}}