{"id":498,"date":"2019-08-05T09:19:59","date_gmt":"2019-08-05T06:19:59","guid":{"rendered":"https:\/\/diodea.eu\/gdpr\/"},"modified":"2025-04-15T14:49:59","modified_gmt":"2025-04-15T11:49:59","slug":"gdpr","status":"publish","type":"page","link":"https:\/\/diodea.eu\/ro\/gdpr\/","title":{"rendered":"GDPR"},"content":{"rendered":"<div class=\"wpb-content-wrapper\"><p>[vc_row row_type=&#8221;row&#8221; use_row_as_full_screen_section=&#8221;no&#8221; type=&#8221;full_width&#8221; angled_section=&#8221;no&#8221; text_align=&#8221;left&#8221; background_image_as_pattern=&#8221;without_pattern&#8221;][vc_column][vc_empty_space][\/vc_column][\/vc_row][vc_row row_type=&#8221;row&#8221; use_row_as_full_screen_section=&#8221;no&#8221; type=&#8221;full_width&#8221; angled_section=&#8221;no&#8221; text_align=&#8221;left&#8221; background_image_as_pattern=&#8221;without_pattern&#8221;][vc_column][vc_column_text]<\/p>\n<h3>GDPR<\/h3>\n<p>[\/vc_column_text][vc_empty_space][vc_column_text]<a href=\"https:\/\/diodea.eu\/wp-content\/uploads\/2019\/08\/Awareness-notice-form-Diodea-Greece-ENG.pdf\">Formular de informare privind consim\u021b\u0103m\u00e2ntul pentru furnizarea de date cu caracter personal referitoare la \u00eenregistrarea cererilor de desp\u0103gubire ENG<\/a><\/p>\n<p><a href=\"https:\/\/diodea.eu\/wp-content\/uploads\/2019\/08\/Awareness-notice-form-Diodea-Greece-GR.pdf\">Formular de informare privind consim\u021b\u0103m\u00e2ntul pentru furnizarea de date cu caracter personal referitoare la \u00eenregistrarea cererilor de desp\u0103gubire GR<\/a><\/p>\n<p><a href=\"https:\/\/diodea.eu\/wp-content\/uploads\/2019\/08\/Confidentiality-notice-DioDea-Greece-ENG.pdf\">Notificare de confiden\u021bialitate ENG<\/a><\/p>\n<p><a href=\"https:\/\/diodea.eu\/wp-content\/uploads\/2019\/08\/Confidentiality-notice-DioDea-Greece-GR.pdf\">Notificare de confiden\u021bialitate GR<\/a><\/p>\n<p><a href=\"https:\/\/diodea.eu\/wp-content\/uploads\/2019\/12\/Informativa-privacy-GDPR-DioDea-IT.pdf\">Informativa privacy IT<\/a><\/p>\n<p><a href=\"https:\/\/diodea.eu\/wp-content\/uploads\/2019\/08\/Regulations-DioDea-Greece-ENG.pdf\">Regulamente privind drepturile persoanei vizate ENG<\/a><\/p>\n<p><a href=\"https:\/\/diodea.eu\/wp-content\/uploads\/2019\/08\/Regulations-DioDea-Greece-GR.pdf\">Regulamente privind drepturile persoanei vizate GR<\/a>[\/vc_column_text][vc_empty_space height=&#8221;50px&#8221;][\/vc_column][\/vc_row]<\/p>\n<\/div>","protected":false},"excerpt":{"rendered":"<p>[vc_row row_type=&#8221;row&#8221; use_row_as_full_screen_section=&#8221;no&#8221; type=&#8221;full_width&#8221; angled_section=&#8221;no&#8221; text_align=&#8221;left&#8221; background_image_as_pattern=&#8221;without_pattern&#8221;][vc_column][vc_empty_space][\/vc_column][\/vc_row][vc_row row_type=&#8221;row&#8221; use_row_as_full_screen_section=&#8221;no&#8221; type=&#8221;full_width&#8221; angled_section=&#8221;no&#8221; text_align=&#8221;left&#8221; background_image_as_pattern=&#8221;without_pattern&#8221;][vc_column][vc_column_text] GDPR [\/vc_column_text][vc_empty_space][vc_column_text]Formular de informare privind consim\u021b\u0103m\u00e2ntul pentru furnizarea de date cu caracter personal referitoare la \u00eenregistrarea cererilor de desp\u0103gubire ENG Formular de informare privind consim\u021b\u0103m\u00e2ntul pentru furnizarea de date cu caracter personal&#8230;<\/p>\n","protected":false},"author":1,"featured_media":0,"parent":0,"menu_order":0,"comment_status":"closed","ping_status":"closed","template":"","meta":{"footnotes":""},"class_list":["post-498","page","type-page","status-publish","hentry"],"_links":{"self":[{"href":"https:\/\/diodea.eu\/ro\/wp-json\/wp\/v2\/pages\/498","targetHints":{"allow":["GET"]}}],"collection":[{"href":"https:\/\/diodea.eu\/ro\/wp-json\/wp\/v2\/pages"}],"about":[{"href":"https:\/\/diodea.eu\/ro\/wp-json\/wp\/v2\/types\/page"}],"author":[{"embeddable":true,"href":"https:\/\/diodea.eu\/ro\/wp-json\/wp\/v2\/users\/1"}],"replies":[{"embeddable":true,"href":"https:\/\/diodea.eu\/ro\/wp-json\/wp\/v2\/comments?post=498"}],"version-history":[{"count":2,"href":"https:\/\/diodea.eu\/ro\/wp-json\/wp\/v2\/pages\/498\/revisions"}],"predecessor-version":[{"id":500,"href":"https:\/\/diodea.eu\/ro\/wp-json\/wp\/v2\/pages\/498\/revisions\/500"}],"wp:attachment":[{"href":"https:\/\/diodea.eu\/ro\/wp-json\/wp\/v2\/media?parent=498"}],"curies":[{"name":"wp","href":"https:\/\/api.w.org\/{rel}","templated":true}]}}