{"id":507,"date":"2018-09-03T14:04:55","date_gmt":"2018-09-03T11:04:55","guid":{"rendered":"https:\/\/diodea.eu\/contacte\/"},"modified":"2026-01-28T17:07:51","modified_gmt":"2026-01-28T15:07:51","slug":"contacte","status":"publish","type":"page","link":"https:\/\/diodea.eu\/ro\/contacte\/","title":{"rendered":"Contacte"},"content":{"rendered":"<div class=\"wpb-content-wrapper\"><p>[vc_row css_animation=&#8221;&#8221; row_type=&#8221;row&#8221; use_row_as_full_screen_section=&#8221;no&#8221; type=&#8221;full_width&#8221; angled_section=&#8221;no&#8221; text_align=&#8221;left&#8221; background_image_as_pattern=&#8221;without_pattern&#8221;][vc_column][vc_empty_space][\/vc_column][\/vc_row][vc_row css_animation=&#8221;&#8221; row_type=&#8221;row&#8221; use_row_as_full_screen_section=&#8221;no&#8221; type=&#8221;full_width&#8221; angled_section=&#8221;no&#8221; text_align=&#8221;left&#8221; background_image_as_pattern=&#8221;without_pattern&#8221;][vc_column][vc_column_text]<\/p>\n<h3>Contacte<\/h3>\n<p>[\/vc_column_text][vc_empty_space][\/vc_column][\/vc_row][vc_row css_animation=&#8221;&#8221; row_type=&#8221;row&#8221; use_row_as_full_screen_section=&#8221;no&#8221; type=&#8221;full_width&#8221; angled_section=&#8221;no&#8221; text_align=&#8221;left&#8221; background_image_as_pattern=&#8221;without_pattern&#8221;][vc_column width=&#8221;2\/3&#8243;]<a  itemprop=\"url\" href=\"https:\/\/dallbogg.native-code.ro\/avizare-online\/\" target=\"_self\" data-hover-background-color=\"#AD2624\" data-hover-border-color=\"#FF000000\" class=\"qbutton  medium center default\" style=\"color: #FFFFFF; border-color: #FF000000; border-radius: 0px;-moz-border-radius: 0px;-webkit-border-radius: 0px; background-color:#0038A8;\">Notificare Daun\u0103<i class=\"qode_icon_font_awesome fa fa-car qode_button_icon_element\"><\/i><\/a>[vc_empty_space][vc_column_text css=&#8221;&#8221;]<strong>Rom\u00e2nia<br \/>\n<\/strong>Birou Bucure\u0219ti:<strong><br \/>\nDioDea Management SRL<br \/>\n<\/strong>Str. E Buzesti nr. 75-77<br \/>\nBucure\u0219ti, Rom\u00e2nia<br \/>\nTelefon: +40 31 00 52 533[\/vc_column_text][vc_column_text css=&#8221;&#8221;]E-mails:<\/p>\n<p><a href=\"mailto:office@diodea.ro\">office@diodea.ro<\/a> &#8211; pentru <span data-start=\"44\" data-end=\"67\">\u00eentreb\u0103ri generale<br \/>\n<\/span><a href=\"mailto:avizare@diodea.ro\">avizare@diodea.ro<\/a> \u2013 pentru notificarea dosarelor de daun\u0103 noi<br \/>\n<a href=\"mailto:reconstatare@diodea.ro\" data-start=\"190\" data-end=\"212\">reconstatare@diodea.ro<\/a> \u2013 pentru reconstat\u0103ri ale dosarelor de daun\u0103<br \/>\n<a href=\"mailto:solicitariplati@diodea.ro\" data-start=\"235\" data-end=\"260\">solicitariplati@diodea.ro<\/a> \u2013 pentru solicit\u0103ri de plat\u0103<br \/>\n<a href=\"mailto:rca@dallbogg.com\" data-start=\"340\" data-end=\"356\">rca@dallbogg.com<\/a> &#8211; pentru orice solicit\u0103ri legate de RCA (modific\u0103ri, corec\u021bii, anul\u0103ri, rezilieri sau ad\u0103ugarea unui num\u0103r de \u00eenmatriculare, etc.)<\/p>\n<p data-start=\"317\" data-end=\"540\"><strong data-start=\"265\" data-end=\"286\">Program de lucru:<\/strong> Luni \u2013 Vineri: 09:00 \u2013 17:30<\/p>\n<p>[\/vc_column_text][\/vc_column][vc_column width=&#8221;1\/3&#8243;][\/vc_column][\/vc_row][vc_row css_animation=&#8221;&#8221; row_type=&#8221;row&#8221; use_row_as_full_screen_section=&#8221;no&#8221; type=&#8221;full_width&#8221; angled_section=&#8221;no&#8221; text_align=&#8221;left&#8221; background_image_as_pattern=&#8221;without_pattern&#8221;][vc_column][vc_empty_space][\/vc_column][\/vc_row]<\/p>\n<\/div>","protected":false},"excerpt":{"rendered":"<p>[vc_row css_animation=&#8221;&#8221; row_type=&#8221;row&#8221; use_row_as_full_screen_section=&#8221;no&#8221; type=&#8221;full_width&#8221; angled_section=&#8221;no&#8221; text_align=&#8221;left&#8221; background_image_as_pattern=&#8221;without_pattern&#8221;][vc_column][vc_empty_space][\/vc_column][\/vc_row][vc_row css_animation=&#8221;&#8221; row_type=&#8221;row&#8221; use_row_as_full_screen_section=&#8221;no&#8221; type=&#8221;full_width&#8221; angled_section=&#8221;no&#8221; text_align=&#8221;left&#8221; background_image_as_pattern=&#8221;without_pattern&#8221;][vc_column][vc_column_text] Contacte [\/vc_column_text][vc_empty_space][\/vc_column][\/vc_row][vc_row css_animation=&#8221;&#8221; row_type=&#8221;row&#8221; use_row_as_full_screen_section=&#8221;no&#8221; type=&#8221;full_width&#8221; angled_section=&#8221;no&#8221; text_align=&#8221;left&#8221; background_image_as_pattern=&#8221;without_pattern&#8221;][vc_column width=&#8221;2\/3&#8243;][vc_empty_space][vc_column_text css=&#8221;&#8221;]Rom\u00e2nia Birou Bucure\u0219ti: DioDea Management SRL Str. E Buzesti nr. 75-77 Bucure\u0219ti, Rom\u00e2nia Telefon: +40 31 00 52 533[\/vc_column_text][vc_column_text css=&#8221;&#8221;]E-mails:&#8230;<\/p>\n","protected":false},"author":1,"featured_media":0,"parent":0,"menu_order":0,"comment_status":"closed","ping_status":"open","template":"","meta":{"footnotes":""},"class_list":["post-507","page","type-page","status-publish","hentry"],"_links":{"self":[{"href":"https:\/\/diodea.eu\/ro\/wp-json\/wp\/v2\/pages\/507","targetHints":{"allow":["GET"]}}],"collection":[{"href":"https:\/\/diodea.eu\/ro\/wp-json\/wp\/v2\/pages"}],"about":[{"href":"https:\/\/diodea.eu\/ro\/wp-json\/wp\/v2\/types\/page"}],"author":[{"embeddable":true,"href":"https:\/\/diodea.eu\/ro\/wp-json\/wp\/v2\/users\/1"}],"replies":[{"embeddable":true,"href":"https:\/\/diodea.eu\/ro\/wp-json\/wp\/v2\/comments?post=507"}],"version-history":[{"count":11,"href":"https:\/\/diodea.eu\/ro\/wp-json\/wp\/v2\/pages\/507\/revisions"}],"predecessor-version":[{"id":834,"href":"https:\/\/diodea.eu\/ro\/wp-json\/wp\/v2\/pages\/507\/revisions\/834"}],"wp:attachment":[{"href":"https:\/\/diodea.eu\/ro\/wp-json\/wp\/v2\/media?parent=507"}],"curies":[{"name":"wp","href":"https:\/\/api.w.org\/{rel}","templated":true}]}}