{"id":511,"date":"2019-12-03T15:50:59","date_gmt":"2019-12-03T13:50:59","guid":{"rendered":"https:\/\/diodea.eu\/servicii\/reprezentare-fiscala-si-juridica\/"},"modified":"2025-04-15T14:50:27","modified_gmt":"2025-04-15T11:50:27","slug":"reprezentare-fiscala-si-juridica","status":"publish","type":"page","link":"https:\/\/diodea.eu\/ro\/servicii\/reprezentare-fiscala-si-juridica\/","title":{"rendered":"Reprezentare fiscal\u0103 \u0219i juridic\u0103"},"content":{"rendered":"<div class=\"wpb-content-wrapper\"><p>[vc_row css_animation=&#8221;&#8221; row_type=&#8221;row&#8221; use_row_as_full_screen_section=&#8221;no&#8221; type=&#8221;full_width&#8221; angled_section=&#8221;no&#8221; text_align=&#8221;left&#8221; background_image_as_pattern=&#8221;without_pattern&#8221;][vc_column]\n\t\t\t<!-- START fl representation REVOLUTION SLIDER 6.7.29 --><p class=\"rs-p-wp-fix\"><\/p>\n\t\t\t<rs-module-wrap id=\"rev_slider_15_1_wrapper\" data-source=\"gallery\" style=\"visibility:hidden;background:transparent;padding:0;margin:0px auto;margin-top:0;margin-bottom:0;\">\n\t\t\t\t<rs-module id=\"rev_slider_15_1\" style=\"\" data-version=\"6.7.29\">\n\t\t\t\t\t<rs-slides style=\"overflow: hidden; position: absolute;\">\n\t\t\t\t\t\t<rs-slide style=\"position: absolute;\" data-key=\"rs-20\" data-title=\"Slide\" data-anim=\"ms:1000;r:0;\" data-in=\"o:0;\" data-out=\"a:false;\">\n\t\t\t\t\t\t\t<img decoding=\"async\" src=\"\/\/diodea.eu\/wp-content\/plugins\/revslider\/sr6\/assets\/assets\/dummy.png\" alt=\"\" width=\"1240\" height=\"620\" class=\"rev-slidebg tp-rs-img rs-lazyload\" data-lazyload=\"\/\/diodea.eu\/wp-content\/uploads\/2019\/12\/fl-representation-1.jpg\" data-no-retina>\n<!---->\t\t\t\t\t<\/rs-slide>\n\t\t\t\t\t<\/rs-slides>\n\t\t\t\t<\/rs-module>\n\t\t\t\t<script>\n\t\t\t\t\tsetREVStartSize({c: 'rev_slider_15_1',rl:[1240,1024,778,480],el:[620],gw:[1240],gh:[620],type:'standard',justify:'',layout:'fullwidth',mh:\"0\"});if (window.RS_MODULES!==undefined && window.RS_MODULES.modules!==undefined && window.RS_MODULES.modules[\"revslider151\"]!==undefined) {window.RS_MODULES.modules[\"revslider151\"].once = false;window.revapi15 = undefined;if (window.RS_MODULES.checkMinimal!==undefined) window.RS_MODULES.checkMinimal()}\n\t\t\t\t<\/script>\n\t\t\t<\/rs-module-wrap>\n\t\t\t<!-- END REVOLUTION SLIDER -->\n[vc_empty_space][\/vc_column][\/vc_row][vc_row css_animation=&#8221;&#8221; row_type=&#8221;row&#8221; use_row_as_full_screen_section=&#8221;no&#8221; type=&#8221;full_width&#8221; angled_section=&#8221;no&#8221; text_align=&#8221;left&#8221; background_image_as_pattern=&#8221;without_pattern&#8221;][vc_column][vc_column_text]<\/p>\n<h3>Reprezentare fiscal\u0103<\/h3>\n<p>[\/vc_column_text][vc_empty_space][vc_column_text]<strong>DioDea <\/strong>poate ac\u021biona ca reprezentant fiscal \u00een Bulgaria, Rom\u00e2nia, Grecia \u0219i Italia. \u00cen prezent, DioDea este un punct de contact dedicat pentru autorit\u0103\u021bile fiscale \u00een numele mai multor societ\u0103\u021bi. Datorit\u0103 re\u021belei noastre extinse de profesioni\u0219ti din toate sferele financiare \u0219i juridice, DioDea ofer\u0103 servicii generale de consultan\u021b\u0103 pentru a proteja interesele companiei dumneavoastr\u0103 \u0219i pentru a v\u0103 proteja drepturile \u00een teritoriile respective.[\/vc_column_text][vc_empty_space][vc_column_text]<\/p>\n<h3>Reprezentare juridic\u0103<\/h3>\n<p>[\/vc_column_text][vc_empty_space][vc_column_text]DioDea ofer\u0103 toate tipurile de consultan\u021b\u0103 juridic\u0103 privind diverse sectoare de activitate, inclusiv, dar f\u0103r\u0103 a se limita la: drept civil, drept comercial, dreptul \u0219i reglementarea asigur\u0103rilor, drept societar, litigii etc. DioDea are 4 departamente juridice distincte \u00een toate \u021b\u0103rile \u00een care este prezent, care pot oferi servicii de calitate la nivel mondial.[\/vc_column_text][vc_empty_space][\/vc_column][\/vc_row]<\/p>\n<\/div>","protected":false},"excerpt":{"rendered":"<p>[vc_row css_animation=&#8221;&#8221; row_type=&#8221;row&#8221; use_row_as_full_screen_section=&#8221;no&#8221; type=&#8221;full_width&#8221; angled_section=&#8221;no&#8221; text_align=&#8221;left&#8221; background_image_as_pattern=&#8221;without_pattern&#8221;][vc_column][vc_empty_space][\/vc_column][\/vc_row][vc_row css_animation=&#8221;&#8221; row_type=&#8221;row&#8221; use_row_as_full_screen_section=&#8221;no&#8221; type=&#8221;full_width&#8221; angled_section=&#8221;no&#8221; text_align=&#8221;left&#8221; background_image_as_pattern=&#8221;without_pattern&#8221;][vc_column][vc_column_text] Reprezentare fiscal\u0103 [\/vc_column_text][vc_empty_space][vc_column_text]DioDea poate ac\u021biona ca reprezentant fiscal \u00een Bulgaria, Rom\u00e2nia, Grecia \u0219i Italia. \u00cen prezent, DioDea este un punct de contact dedicat pentru autorit\u0103\u021bile fiscale \u00een numele mai multor&#8230;<\/p>\n","protected":false},"author":1,"featured_media":0,"parent":501,"menu_order":0,"comment_status":"closed","ping_status":"closed","template":"","meta":{"footnotes":""},"class_list":["post-511","page","type-page","status-publish","hentry"],"_links":{"self":[{"href":"https:\/\/diodea.eu\/ro\/wp-json\/wp\/v2\/pages\/511","targetHints":{"allow":["GET"]}}],"collection":[{"href":"https:\/\/diodea.eu\/ro\/wp-json\/wp\/v2\/pages"}],"about":[{"href":"https:\/\/diodea.eu\/ro\/wp-json\/wp\/v2\/types\/page"}],"author":[{"embeddable":true,"href":"https:\/\/diodea.eu\/ro\/wp-json\/wp\/v2\/users\/1"}],"replies":[{"embeddable":true,"href":"https:\/\/diodea.eu\/ro\/wp-json\/wp\/v2\/comments?post=511"}],"version-history":[{"count":2,"href":"https:\/\/diodea.eu\/ro\/wp-json\/wp\/v2\/pages\/511\/revisions"}],"predecessor-version":[{"id":513,"href":"https:\/\/diodea.eu\/ro\/wp-json\/wp\/v2\/pages\/511\/revisions\/513"}],"up":[{"embeddable":true,"href":"https:\/\/diodea.eu\/ro\/wp-json\/wp\/v2\/pages\/501"}],"wp:attachment":[{"href":"https:\/\/diodea.eu\/ro\/wp-json\/wp\/v2\/media?parent=511"}],"curies":[{"name":"wp","href":"https:\/\/api.w.org\/{rel}","templated":true}]}}