{"id":514,"date":"2019-12-03T15:49:26","date_gmt":"2019-12-03T13:49:26","guid":{"rendered":"https:\/\/diodea.eu\/servicii\/gestionarea-a-4-cereri-de-despagubire-in-temeiul-directivei-privind-autovehiculele\/"},"modified":"2025-04-23T17:27:51","modified_gmt":"2025-04-23T14:27:51","slug":"gestionarea-a-4-cereri-de-despagubire-in-temeiul-directivei-privind-autovehiculele","status":"publish","type":"page","link":"https:\/\/diodea.eu\/ro\/servicii\/gestionarea-a-4-cereri-de-despagubire-in-temeiul-directivei-privind-autovehiculele\/","title":{"rendered":"Gestionarea a 4 cereri de desp\u0103gubire \u00een temeiul Directivei privind autovehiculele"},"content":{"rendered":"<div class=\"wpb-content-wrapper\"><p>[vc_row css_animation=&#8221;&#8221; row_type=&#8221;row&#8221; use_row_as_full_screen_section=&#8221;no&#8221; type=&#8221;full_width&#8221; angled_section=&#8221;no&#8221; text_align=&#8221;left&#8221; background_image_as_pattern=&#8221;without_pattern&#8221;][vc_column]\n\t\t\t<!-- START motor directive claim REVOLUTION SLIDER 6.7.29 --><p class=\"rs-p-wp-fix\"><\/p>\n\t\t\t<rs-module-wrap id=\"rev_slider_14_1_wrapper\" data-source=\"gallery\" style=\"visibility:hidden;background:transparent;padding:0;margin:0px auto;margin-top:0;margin-bottom:0;\">\n\t\t\t\t<rs-module id=\"rev_slider_14_1\" style=\"\" data-version=\"6.7.29\">\n\t\t\t\t\t<rs-slides style=\"overflow: hidden; position: absolute;\">\n\t\t\t\t\t\t<rs-slide style=\"position: absolute;\" data-key=\"rs-19\" data-title=\"Slide\" data-anim=\"ms:1000;r:0;\" data-in=\"o:0;\" data-out=\"a:false;\">\n\t\t\t\t\t\t\t<img decoding=\"async\" src=\"\/\/diodea.eu\/wp-content\/plugins\/revslider\/sr6\/assets\/assets\/dummy.png\" alt=\"\" width=\"1240\" height=\"620\" class=\"rev-slidebg tp-rs-img rs-lazyload\" data-lazyload=\"\/\/diodea.eu\/wp-content\/uploads\/2019\/12\/motor-directive-claim-1.jpg\" data-no-retina>\n<!---->\t\t\t\t\t<\/rs-slide>\n\t\t\t\t\t<\/rs-slides>\n\t\t\t\t<\/rs-module>\n\t\t\t\t<script>\n\t\t\t\t\tsetREVStartSize({c: 'rev_slider_14_1',rl:[1240,1024,778,480],el:[620],gw:[1240],gh:[620],type:'standard',justify:'',layout:'fullwidth',mh:\"0\"});if (window.RS_MODULES!==undefined && window.RS_MODULES.modules!==undefined && window.RS_MODULES.modules[\"revslider141\"]!==undefined) {window.RS_MODULES.modules[\"revslider141\"].once = false;window.revapi14 = undefined;if (window.RS_MODULES.checkMinimal!==undefined) window.RS_MODULES.checkMinimal()}\n\t\t\t\t<\/script>\n\t\t\t<\/rs-module-wrap>\n\t\t\t<!-- END REVOLUTION SLIDER -->\n[vc_empty_space][\/vc_column][\/vc_row][vc_row css_animation=&#8221;&#8221; row_type=&#8221;row&#8221; use_row_as_full_screen_section=&#8221;no&#8221; type=&#8221;full_width&#8221; angled_section=&#8221;no&#8221; text_align=&#8221;left&#8221; background_image_as_pattern=&#8221;without_pattern&#8221;][vc_column][vc_column_text]<\/p>\n<h3>Gestionarea a 4 cereri de desp\u0103gubire \u00een temeiul Directivei privind autovehiculele<\/h3>\n<p>[\/vc_column_text][vc_empty_space][vc_column_text css=&#8221;&#8221;]Tratarea unei cereri de desp\u0103gubire care a avut loc \u00eentr-o \u021bar\u0103 str\u0103in\u0103, din punctul de vedere al p\u0103r\u021bii v\u0103t\u0103mate \u0219i nevinovate. La \u00eentoarcerea \u00een \u021bara \u00een care \u00ee\u0219i are re\u0219edin\u021ba obi\u0219nuit\u0103, partea p\u0103gubit\u0103 poate deschide un dosar de cerere de desp\u0103gubire pentru daunele suferite la reprezentantul celei de-a patra directive privind autovehiculele a asigur\u0103torului pentru \u021bara respectiv\u0103.<\/p>\n<p>&nbsp;<\/p>\n<p><em>Exemplu:<\/em> \u00cen Bulgaria are loc un accident \u00eentre un vehicul italian \u0219i\/sau o persoan\u0103 care \u00ee\u0219i are re\u0219edin\u021ba obi\u0219nuit\u0103 \u00een Rom\u00e2nia \u0219i un vehicul bulgar care este partea p\u0103gubit\u0103 \u00een accident.[\/vc_column_text][vc_empty_space][\/vc_column][\/vc_row]<\/p>\n<\/div>","protected":false},"excerpt":{"rendered":"<p>[vc_row css_animation=&#8221;&#8221; row_type=&#8221;row&#8221; use_row_as_full_screen_section=&#8221;no&#8221; type=&#8221;full_width&#8221; angled_section=&#8221;no&#8221; text_align=&#8221;left&#8221; background_image_as_pattern=&#8221;without_pattern&#8221;][vc_column][vc_empty_space][\/vc_column][\/vc_row][vc_row css_animation=&#8221;&#8221; row_type=&#8221;row&#8221; use_row_as_full_screen_section=&#8221;no&#8221; type=&#8221;full_width&#8221; angled_section=&#8221;no&#8221; text_align=&#8221;left&#8221; background_image_as_pattern=&#8221;without_pattern&#8221;][vc_column][vc_column_text] Gestionarea a 4 cereri de desp\u0103gubire \u00een temeiul Directivei privind autovehiculele [\/vc_column_text][vc_empty_space][vc_column_text css=&#8221;&#8221;]Tratarea unei cereri de desp\u0103gubire care a avut loc \u00eentr-o \u021bar\u0103 str\u0103in\u0103, din punctul de vedere al p\u0103r\u021bii&#8230;<\/p>\n","protected":false},"author":1,"featured_media":0,"parent":501,"menu_order":0,"comment_status":"closed","ping_status":"closed","template":"","meta":{"footnotes":""},"class_list":["post-514","page","type-page","status-publish","hentry"],"_links":{"self":[{"href":"https:\/\/diodea.eu\/ro\/wp-json\/wp\/v2\/pages\/514","targetHints":{"allow":["GET"]}}],"collection":[{"href":"https:\/\/diodea.eu\/ro\/wp-json\/wp\/v2\/pages"}],"about":[{"href":"https:\/\/diodea.eu\/ro\/wp-json\/wp\/v2\/types\/page"}],"author":[{"embeddable":true,"href":"https:\/\/diodea.eu\/ro\/wp-json\/wp\/v2\/users\/1"}],"replies":[{"embeddable":true,"href":"https:\/\/diodea.eu\/ro\/wp-json\/wp\/v2\/comments?post=514"}],"version-history":[{"count":5,"href":"https:\/\/diodea.eu\/ro\/wp-json\/wp\/v2\/pages\/514\/revisions"}],"predecessor-version":[{"id":642,"href":"https:\/\/diodea.eu\/ro\/wp-json\/wp\/v2\/pages\/514\/revisions\/642"}],"up":[{"embeddable":true,"href":"https:\/\/diodea.eu\/ro\/wp-json\/wp\/v2\/pages\/501"}],"wp:attachment":[{"href":"https:\/\/diodea.eu\/ro\/wp-json\/wp\/v2\/media?parent=514"}],"curies":[{"name":"wp","href":"https:\/\/api.w.org\/{rel}","templated":true}]}}