{"id":520,"date":"2019-12-03T15:43:55","date_gmt":"2019-12-03T13:43:55","guid":{"rendered":"https:\/\/diodea.eu\/servicii\/tratarea-cererilor-de-carte-verde\/"},"modified":"2025-04-23T17:27:21","modified_gmt":"2025-04-23T14:27:21","slug":"tratarea-cererilor-de-carte-verde","status":"publish","type":"page","link":"https:\/\/diodea.eu\/ro\/servicii\/tratarea-cererilor-de-carte-verde\/","title":{"rendered":"Tratarea cererilor de carte verde"},"content":{"rendered":"<div class=\"wpb-content-wrapper\"><p>[vc_row css_animation=&#8221;&#8221; row_type=&#8221;row&#8221; use_row_as_full_screen_section=&#8221;no&#8221; type=&#8221;full_width&#8221; angled_section=&#8221;no&#8221; text_align=&#8221;left&#8221; background_image_as_pattern=&#8221;without_pattern&#8221;][vc_column]\n\t\t\t<!-- START green card claim REVOLUTION SLIDER 6.7.29 --><p class=\"rs-p-wp-fix\"><\/p>\n\t\t\t<rs-module-wrap id=\"rev_slider_13_1_wrapper\" data-source=\"gallery\" style=\"visibility:hidden;background:transparent;padding:0;margin:0px auto;margin-top:0;margin-bottom:0;\">\n\t\t\t\t<rs-module id=\"rev_slider_13_1\" style=\"\" data-version=\"6.7.29\">\n\t\t\t\t\t<rs-slides style=\"overflow: hidden; position: absolute;\">\n\t\t\t\t\t\t<rs-slide style=\"position: absolute;\" data-key=\"rs-18\" data-title=\"Slide\" data-anim=\"ms:1000;r:0;\" data-in=\"o:0;\" data-out=\"a:false;\">\n\t\t\t\t\t\t\t<img decoding=\"async\" src=\"\/\/diodea.eu\/wp-content\/plugins\/revslider\/sr6\/assets\/assets\/dummy.png\" alt=\"\" width=\"1240\" height=\"620\" class=\"rev-slidebg tp-rs-img rs-lazyload\" data-lazyload=\"\/\/diodea.eu\/wp-content\/uploads\/2019\/12\/green-card-claim-1.jpg\" data-no-retina>\n<!---->\t\t\t\t\t<\/rs-slide>\n\t\t\t\t\t<\/rs-slides>\n\t\t\t\t<\/rs-module>\n\t\t\t\t<script>\n\t\t\t\t\tsetREVStartSize({c: 'rev_slider_13_1',rl:[1240,1024,778,480],el:[620],gw:[1240],gh:[620],type:'standard',justify:'',layout:'fullwidth',mh:\"0\"});if (window.RS_MODULES!==undefined && window.RS_MODULES.modules!==undefined && window.RS_MODULES.modules[\"revslider131\"]!==undefined) {window.RS_MODULES.modules[\"revslider131\"].once = false;window.revapi13 = undefined;if (window.RS_MODULES.checkMinimal!==undefined) window.RS_MODULES.checkMinimal()}\n\t\t\t\t<\/script>\n\t\t\t<\/rs-module-wrap>\n\t\t\t<!-- END REVOLUTION SLIDER -->\n[vc_empty_space][\/vc_column][\/vc_row][vc_row css_animation=&#8221;&#8221; row_type=&#8221;row&#8221; use_row_as_full_screen_section=&#8221;no&#8221; type=&#8221;full_width&#8221; angled_section=&#8221;no&#8221; text_align=&#8221;left&#8221; background_image_as_pattern=&#8221;without_pattern&#8221;][vc_column][vc_column_text]<\/p>\n<h3>Tratarea cererilor de carte verde<\/h3>\n<p>[\/vc_column_text][vc_empty_space][vc_column_text css=&#8221;&#8221;]Gestionarea unei cereri de desp\u0103gubire legate de un accident care a avut loc \u00een \u021bara \u00een care partea p\u0103gubit\u0103 \u0219i nevinovat\u0103 are re\u0219edin\u021ba obi\u0219nuit\u0103, \u00een timp ce vehiculul \u0219oferului vinovat este \u00eenmatriculat \u00een alt\u0103 \u021bar\u0103 str\u0103in\u0103. Partea p\u0103gubit\u0103 poate deschide un dosar de cerere de desp\u0103gubire pentru daunele sale la corespondentul de carte verde al asigur\u0103torului pentru \u021bara respectiv\u0103.<\/p>\n<p>&nbsp;<\/p>\n<p><em>Exemplu<\/em>: \u00cen Rom\u00e2nia are loc un accident \u00eentre un vehicul \u00eenmatriculat \u00een Rom\u00e2nia \u0219i\/sau o persoan\u0103 care \u00ee\u0219i are re\u0219edin\u021ba obi\u0219nuit\u0103 \u00een Rom\u00e2nia \u0219i un vehicul \u00eenmatriculat \u00een Bulgaria, care este partea vinovat\u0103 \u00een accident.<\/p>\n<p>&nbsp;<\/p>\n<p><strong>DioDea<\/strong> este \u00een prezent autorizat\u0103 s\u0103 ac\u021bioneze ca corespondent Carte Verde \u00een numele Birourilor de Asigur\u0103ri Auto din Rom\u00e2nia <a href=\"https:\/\/www.baar.ro\/\">(www.baar.ro)<\/a>, Italia <a href=\"https:\/\/ucimi.it\/\">(www.ucimi.it)<\/a> \u0219i Grecia <a href=\"http:\/\/www.mib-hellas.gr\">(www.mib-hellas.gr)<\/a>.[\/vc_column_text][vc_empty_space][\/vc_column][\/vc_row]<\/p>\n<\/div>","protected":false},"excerpt":{"rendered":"<p>[vc_row css_animation=&#8221;&#8221; row_type=&#8221;row&#8221; use_row_as_full_screen_section=&#8221;no&#8221; type=&#8221;full_width&#8221; angled_section=&#8221;no&#8221; text_align=&#8221;left&#8221; background_image_as_pattern=&#8221;without_pattern&#8221;][vc_column][vc_empty_space][\/vc_column][\/vc_row][vc_row css_animation=&#8221;&#8221; row_type=&#8221;row&#8221; use_row_as_full_screen_section=&#8221;no&#8221; type=&#8221;full_width&#8221; angled_section=&#8221;no&#8221; text_align=&#8221;left&#8221; background_image_as_pattern=&#8221;without_pattern&#8221;][vc_column][vc_column_text] Tratarea cererilor de carte verde [\/vc_column_text][vc_empty_space][vc_column_text css=&#8221;&#8221;]Gestionarea unei cereri de desp\u0103gubire legate de un accident care a avut loc \u00een \u021bara \u00een care partea p\u0103gubit\u0103 \u0219i nevinovat\u0103 are re\u0219edin\u021ba obi\u0219nuit\u0103,&#8230;<\/p>\n","protected":false},"author":1,"featured_media":0,"parent":501,"menu_order":0,"comment_status":"closed","ping_status":"closed","template":"","meta":{"footnotes":""},"class_list":["post-520","page","type-page","status-publish","hentry"],"_links":{"self":[{"href":"https:\/\/diodea.eu\/ro\/wp-json\/wp\/v2\/pages\/520","targetHints":{"allow":["GET"]}}],"collection":[{"href":"https:\/\/diodea.eu\/ro\/wp-json\/wp\/v2\/pages"}],"about":[{"href":"https:\/\/diodea.eu\/ro\/wp-json\/wp\/v2\/types\/page"}],"author":[{"embeddable":true,"href":"https:\/\/diodea.eu\/ro\/wp-json\/wp\/v2\/users\/1"}],"replies":[{"embeddable":true,"href":"https:\/\/diodea.eu\/ro\/wp-json\/wp\/v2\/comments?post=520"}],"version-history":[{"count":5,"href":"https:\/\/diodea.eu\/ro\/wp-json\/wp\/v2\/pages\/520\/revisions"}],"predecessor-version":[{"id":640,"href":"https:\/\/diodea.eu\/ro\/wp-json\/wp\/v2\/pages\/520\/revisions\/640"}],"up":[{"embeddable":true,"href":"https:\/\/diodea.eu\/ro\/wp-json\/wp\/v2\/pages\/501"}],"wp:attachment":[{"href":"https:\/\/diodea.eu\/ro\/wp-json\/wp\/v2\/media?parent=520"}],"curies":[{"name":"wp","href":"https:\/\/api.w.org\/{rel}","templated":true}]}}